{"id":7036,"date":"2018-11-19T10:33:35","date_gmt":"2018-11-19T09:33:35","guid":{"rendered":"https:\/\/nossin.nl\/?page_id=7036"},"modified":"2018-11-22T08:57:43","modified_gmt":"2018-11-22T07:57:43","slug":"home","status":"publish","type":"page","link":"https:\/\/nossin.nl\/de\/","title":{"rendered":"Home"},"content":{"rendered":"<div class=\"wpb-content-wrapper\">[mk_page_section bg_image=&#8220;https:\/\/nossin.nl\/wp-content\/uploads\/2018\/06\/dscf2436-2.jpg&#8220; bg_position=&#8220;center center&#8220; bg_repeat=&#8220;no-repeat&#8220; bg_stretch=&#8220;true&#8220; video_color_mask=&#8220;#000000&#8243; min_height=&#8220;555&#8243; js_vertical_centered=&#8220;true&#8220; padding_top=&#8220;0&#8243; padding_bottom=&#8220;0&#8243; has_bottom_shape_divider=&#8220;true&#8220; bottom_shape_size=&#8220;small&#8220; sidebar=&#8220;sidebar-1&#8243; first_page=&#8220;false&#8220; last_page=&#8220;false&#8220;][vc_column][\/vc_column][\/mk_page_section][vc_row fullwidth=&#8220;true&#8220; fullwidth_content=&#8220;false&#8220; equal_columns=&#8220;true&#8220; css=&#8220;.vc_custom_1532095095517{margin-top: -130px !important;}&#8220; el_class=&#8220;rijinslider&#8220;][vc_column][vc_row_inner column_padding=&#8220;4&#8243; padding=&#8220;3&#8243; css=&#8220;.vc_custom_1531404656144{padding-top: 3px !important;padding-right: 3px !important;padding-bottom: 3px !important;padding-left: 3px !important;}&#8220;][vc_column_inner width=&#8220;1\/4&#8243;][mk_icon_box2 icon_type=&#8220;image&#8220; icon_size=&#8220;inherit&#8220; icon_image=&#8220;https:\/\/nossin.nl\/wp-content\/uploads\/2018\/11\/dscf2423-22.jpg&#8220; title=&#8220;FR\u00c4SEN&#8220; title_size=&#8220;18&#8243; title_weight=&#8220;bolder&#8220; title_color=&#8220;#342a7b&#8220; title_top_padding=&#8220;20&#8243; title_bottom_padding=&#8220;20&#8243; align=&#8220;left&#8220; animation=&#8220;fade-in&#8220;]Im Bereich von fr\u00e4sen ist Nossin FMI progressiv in das sehr genau bearbeiten von aluminium Materialien. Hiermit k\u00f6nnen Sie denken an Seriengr\u00f6\u00dfe von 5 bis 1000 St\u00fcck.[\/mk_icon_box2][mk_button url=&#8220;\/de\/frasen\/&#8220;]Mehr Informationen[\/mk_button][\/vc_column_inner][vc_column_inner width=&#8220;1\/4&#8243;][mk_icon_box2 icon_type=&#8220;image&#8220; icon_size=&#8220;inherit&#8220; icon_image=&#8220;https:\/\/nossin.nl\/wp-content\/uploads\/2018\/11\/nos_21233-vp.jpg&#8220; title=&#8220;DREHEN&#8220; title_size=&#8220;18&#8243; title_weight=&#8220;bolder&#8220; title_color=&#8220;#342a7b&#8220; title_top_padding=&#8220;20&#8243; title_bottom_padding=&#8220;20&#8243; align=&#8220;left&#8220; animation=&#8220;fade-in&#8220;]Um Kunden ein kompletes Packet bieten zu k\u00f6nnen, ist sowie auf dreh als auf fr\u00e4s Gebiet der Fokus gelegt auf 24 Stunden Produktion und auf Unterteilen die ein wiederholtes Charakter haben.[\/mk_icon_box2][mk_button url=&#8220;\/de\/drehen\/&#8220;]Mehr Informationen[\/mk_button][\/vc_column_inner][vc_column_inner width=&#8220;1\/4&#8243;][mk_icon_box2 icon_type=&#8220;image&#8220; icon_size=&#8220;inherit&#8220; icon_image=&#8220;https:\/\/nossin.nl\/wp-content\/uploads\/2018\/11\/draai-frees-combinatie-frontpage.jpg&#8220; title=&#8220;DREH-FR\u00c4S Kombination&#8220; title_size=&#8220;18&#8243; title_weight=&#8220;bolder&#8220; title_color=&#8220;#342a7b&#8220; title_top_padding=&#8220;20&#8243; title_bottom_padding=&#8220;20&#8243; align=&#8220;left&#8220; animation=&#8220;fade-in&#8220;]Um sehr spezifische Produkte so wirksam und genau m\u00f6glich zu fabrizieren, besitzt Nossin FMI seit 2018 ein Okuma Multus U3000. Diese Maschine kombiniert fr\u00e4sen und drehen in eins.[\/mk_icon_box2][mk_button url=&#8220;\/de\/dreh-fras-kombination\/&#8220;]Mehr Informationen[\/mk_button][\/vc_column_inner][vc_column_inner width=&#8220;1\/4&#8243;][mk_icon_box2 icon_type=&#8220;image&#8220; icon_size=&#8220;inherit&#8220; icon_image=&#8220;https:\/\/nossin.nl\/wp-content\/uploads\/2018\/11\/cba_14512-vp.jpg&#8220; title=&#8220;CLEANROOM EINRICHTUNG&#8220; title_size=&#8220;18&#8243; title_weight=&#8220;bolder&#8220; title_color=&#8220;#342a7b&#8220; title_top_padding=&#8220;20&#8243; title_bottom_padding=&#8220;20&#8243; align=&#8220;left&#8220; animation=&#8220;fade-in&#8220;]Nossin FMI hat seit Anfangs 2011 die Verf\u00fcgung \u00fcber einen Cleanroom Abteilung. Hier k\u00f6nnen Cleanroom Produkte in einen Klasse 7 Umgebung gereinigt und verpackt werden.[\/mk_icon_box2][mk_button url=&#8220;\/de\/reinraumtechnik\/&#8220;]Mehr Informationen[\/mk_button][\/vc_column_inner][\/vc_row_inner][\/vc_column][\/vc_row][mk_page_section bg_image=&#8220;https:\/\/nossin.nl\/wp-content\/uploads\/2018\/06\/metalworking-cnc-milling-machine-prm3k4x.jpg&#8220; bg_color=&#8220;#0a0a0a&#8220; video_color_mask=&#8220;#000000&#8243; video_opacity=&#8220;0.8&#8243; min_height=&#8220;450&#8243; js_vertical_centered=&#8220;true&#8220; padding_top=&#8220;100&#8243; padding_bottom=&#8220;100&#8243; has_top_shape_divider=&#8220;true&#8220; top_shape_size=&#8220;small&#8220; has_bottom_shape_divider=&#8220;true&#8220; bottom_shape_size=&#8220;small&#8220; sidebar=&#8220;sidebar-1&#8243; first_page=&#8220;false&#8220; last_page=&#8220;false&#8220;][vc_column width=&#8220;1\/3&#8243;][mk_icon_box2 icon_type=&#8220;image&#8220; icon_size=&#8220;inherit&#8220; icon_image=&#8220;https:\/\/nossin.nl\/wp-content\/uploads\/2018\/07\/nossin-assembleren.jpg&#8220; title=&#8220;Montage&#8220; title_size=&#8220;18&#8243; title_weight=&#8220;bolder&#8220; title_color=&#8220;#ffffff&#8220; title_top_padding=&#8220;20&#8243; title_bottom_padding=&#8220;20&#8243; description_color=&#8220;#ffffff&#8220; align=&#8220;left&#8220; animation=&#8220;fade-in&#8220;]<span style=\"color: #ffffff;\">Assemblieren ist ein Prozes womit Nossin FMI schon lange Erfarung hat. Mit ein v\u00f6llig eingerichtete Assemblierraum ist es m\u00f6glich fabrizierte Produkten bis Module zu assemblieren.<\/span>[\/mk_icon_box2][mk_button url=&#8220;\/de\/montage\/&#8220;]Mehr Informationen[\/mk_button][\/vc_column][vc_column width=&#8220;1\/3&#8243;][mk_icon_box2 icon_type=&#8220;image&#8220; icon_size=&#8220;inherit&#8220; icon_image=&#8220;https:\/\/nossin.nl\/wp-content\/uploads\/2018\/11\/nos_213111.jpg&#8220; title=&#8220;KONTROLLE&#8220; title_size=&#8220;18&#8243; title_weight=&#8220;bolder&#8220; title_color=&#8220;#ffffff&#8220; title_top_padding=&#8220;20&#8243; title_bottom_padding=&#8220;20&#8243; description_color=&#8220;#ffffff&#8220; align=&#8220;left&#8220; animation=&#8220;fade-in&#8220;]<span style=\"color: #ffffff;\">Der sehr ausgebreite Me\u00dfkammer mit einem 3D Zeiss Contura G2 Messmaschine sorgt da\u00df Nossin FMI auch tats\u00e4chlich liefert was vereinbart ist.<\/span>[\/mk_icon_box2][mk_padding_divider size=&#8220;25&#8243;][mk_button url=&#8220;\/de\/kontrolle\/&#8220;]Mehr Informationen[\/mk_button][\/vc_column][vc_column width=&#8220;1\/3&#8243;][mk_icon_box2 icon_type=&#8220;image&#8220; icon_size=&#8220;inherit&#8220; icon_image=&#8220;https:\/\/nossin.nl\/wp-content\/uploads\/2018\/11\/dscf2425-211.jpg&#8220; title=&#8220;VERSCHIEDENE BEARBEITUNGEN&#8220; title_size=&#8220;18&#8243; title_weight=&#8220;bolder&#8220; title_color=&#8220;#ffffff&#8220; title_top_padding=&#8220;20&#8243; title_bottom_padding=&#8220;20&#8243; description_color=&#8220;#ffffff&#8220; align=&#8220;left&#8220; animation=&#8220;fade-in&#8220;]<span style=\"color: #ffffff;\">Nossin FMI hat die M\u00f6glichkeit zu verschiedene nebenbearbeitungen, worunter das s\u00e4gen von Materialien mit u.a. einen Doall vollautomatischer Bands\u00e4gemaschine.<\/span>[\/mk_icon_box2][mk_button url=&#8220;\/de\/diverse-bearbeitungen\/&#8220;]Mehr Informationen[\/mk_button][\/vc_column][\/mk_page_section][vc_row fullwidth=&#8220;true&#8220; fullwidth_content=&#8220;false&#8220;][vc_column css=&#8220;.vc_custom_1531728791445{padding-top: 50px !important;padding-bottom: 25px !important;}&#8220;][vc_row_inner attached=&#8220;true&#8220; padding=&#8220;3&#8243;][vc_column_inner width=&#8220;1\/2&#8243;][mk_padding_divider size=&#8220;70&#8243;][mk_image src=&#8220;https:\/\/nossin.nl\/wp-content\/uploads\/2018\/06\/dscf2436-2.jpg&#8220;][\/vc_column_inner][vc_column_inner width=&#8220;1\/2&#8243;][mk_fancy_title tag_name=&#8220;h3&#8243; color=&#8220;#222222&#8243; size=&#8220;28&#8243; font_weight=&#8220;900&#8243; txt_transform=&#8220;uppercase&#8220; font_family=&#8220;none&#8220;]\u00dcBER NOSSIN[\/mk_fancy_title][vc_column_text css=&#8220;.vc_custom_1542619894666{margin-bottom: 0px !important;}&#8220;]Schon seit 1978 ist Nossin FMI ein sehr zuverl\u00e4ssiger Partner f\u00fcr feinmechanische Technik und Produkte von hogwehrtige Komponenten und Zusammenstellungen f\u00fcr Maschinen, Werkzeuge und Instrumenten.<\/p>\n<p>Sie k\u00f6nnen uns kontaktieren f\u00fcr alle verspanende bearbeitungen worunter: CNC fr\u00e4sen, CNC drehen und sleifen. V\u00f6llig nach Kunden Spezifikationen, in angemessener Weise, ein st\u00e4ndig h\u00f6hes Qualit\u00e4ts Ebene und zum richtigen Zeitpunkt. Wir machen dreh- und fr\u00e4sprodukte von unter anderem RvS, Stahl, Aluminium, Kupfer, Bronze, Messing und verschiedene Kunststoffe.[\/vc_column_text][\/vc_column_inner][\/vc_row_inner][vc_row_inner attached=&#8220;true&#8220; padding=&#8220;3&#8243;][vc_column_inner][mk_divider style=&#8220;thin_solid&#8220;][\/vc_column_inner][\/vc_row_inner][vc_row_inner attached=&#8220;true&#8220; padding=&#8220;3&#8243;][vc_column_inner width=&#8220;1\/3&#8243;][mk_icon_box2 icon_size=&#8220;32&#8243; icon=&#8220;mk-li-pencil&#8220; icon_color=&#8220;#342a7b&#8220; icon_border_color=&#8220;#342a7b&#8220; title=&#8220;HANDWERKSKUNST&#8220; title_size=&#8220;18&#8243; title_weight=&#8220;bolder&#8220; title_color=&#8220;#222222&#8243; title_top_padding=&#8220;30&#8243; title_bottom_padding=&#8220;30&#8243; align=&#8220;left&#8220; animation=&#8220;fade-in&#8220;]Das Team von Nossin FMI besteht aus sehr erfahrene Profis mit einen Jahrelange Erfahrung im Bereich des feinmechanisches bearbeiten. Au\u00dferdem gibt es, weil das Betrieb schon 40 Jahre Exzistiert, viel Fachwissen womit wir unsere Kunden gern einen extra Unterst\u00fctzung bieten sodass das Unm\u00f6gliche auf technischer Weise doch m\u00f6glich zu machen ist. Ein anderes Teil von unser Team sind junge, lernende semi Profis die garant stehen f\u00fcr eine Fachm\u00e4nnische Ansatz, auch in der Zukunft.[\/mk_icon_box2][\/vc_column_inner][vc_column_inner width=&#8220;1\/3&#8243;][mk_icon_box2 icon_size=&#8220;32&#8243; icon=&#8220;mk-li-paper-plane&#8220; icon_color=&#8220;#342a7b&#8220; icon_border_color=&#8220;#342a7b&#8220; title=&#8220;24\/7 Produktion&#8220; title_size=&#8220;18&#8243; title_weight=&#8220;bolder&#8220; title_color=&#8220;#222222&#8243; title_top_padding=&#8220;30&#8243; title_bottom_padding=&#8220;30&#8243; align=&#8220;left&#8220; animation=&#8220;fade-in&#8220;]24\/7 Unbemannter Produktion. Seit lange Zeit hat Nossin FMI Erfahrung aufs Gebiet von unbemannter Produktion mittels Robots. Da\u00df bezeichnet da\u00df sowohl der Dreh- wie der Fr\u00e4sabteilung vollst\u00e4ndig unbemannt produzieren k\u00f6nnen, 24 Stunden, 7 Tage pro Woche. Hiermit hat Nossin FMI eine gro\u00dfe Kapazit\u00e4t gegen ein sehr g\u00fcnstiger Stundensatz.[\/mk_icon_box2][\/vc_column_inner][vc_column_inner width=&#8220;1\/3&#8243;][mk_icon_box2 icon_size=&#8220;32&#8243; icon=&#8220;mk-li-magnet&#8220; icon_color=&#8220;#342a7b&#8220; icon_border_color=&#8220;#342a7b&#8220; title=&#8220;PR\u00c4ZISION UND QUALIT\u00c4T&#8220; title_size=&#8220;18&#8243; title_weight=&#8220;bolder&#8220; title_color=&#8220;#222222&#8243; title_top_padding=&#8220;30&#8243; title_bottom_padding=&#8220;30&#8243; align=&#8220;left&#8220; animation=&#8220;fade-in&#8220;]Nossin FMI ist spezialisiert in genaue Produkte mit ein wiederholtes Charakter. Kleine Serien die regelm\u00e4\u00dfig zur\u00fcckkommen mit einen garantierte und h\u00f6he Qualit\u00e4t. Das alles ist m\u00f6glich durch ein ultramodernes Maschinenpark und ein v\u00f6llig konditionierte Produktionsfl\u00e4che.[\/mk_icon_box2][\/vc_column_inner][\/vc_row_inner][\/vc_column][\/vc_row][mk_page_section bg_color=&#8220;#333333&#8243; attachment=&#8220;fixed&#8220; bg_position=&#8220;center center&#8220; bg_repeat=&#8220;no-repeat&#8220; bg_stretch=&#8220;true&#8220; video_color_mask=&#8220;#000000&#8243; video_opacity=&#8220;0.5&#8243; min_height=&#8220;400&#8243; padding_top=&#8220;0&#8243; padding_bottom=&#8220;0&#8243; has_top_shape_divider=&#8220;true&#8220; bottom_shape_bg_color=&#8220;#f5f5f5&#8243; sidebar=&#8220;sidebar-1&#8243; first_page=&#8220;false&#8220; last_page=&#8220;false&#8220;][vc_column width=&#8220;1\/2&#8243;][mk_fancy_title tag_name=&#8220;h3&#8243; color=&#8220;#ffffff&#8220; size=&#8220;34&#8243; font_weight=&#8220;300&#8243; txt_transform=&#8220;none&#8220; margin_top=&#8220;50&#8243; margin_bottom=&#8220;50&#8243; font_family=&#8220;none&#8220; align=&#8220;center&#8220;]\n<p style=\"text-align: right;\">Die Kunst von<\/p>\n<p style=\"text-align: right;\">feinmechanische Perspektive<\/p>\n<p style=\"text-align: right;\">schon 40 Jahre!<\/p>\n[\/mk_fancy_title][\/vc_column][vc_column width=&#8220;1\/2&#8243;][mk_padding_divider size=&#8220;30&#8243;][vc_single_image image=&#8220;6414&#8243; img_size=&#8220;full&#8220; alignment=&#8220;center&#8220; el_class=&#8220;40jaarlogo&#8220;][\/vc_column][\/mk_page_section][vc_row fullwidth=&#8220;true&#8220; attached=&#8220;true&#8220;][vc_column][mk_button dimension=&#8220;flat&#8220; size=&#8220;xx-large&#8220; icon=&#8220;mk-moon-bubble-dots-2&#8243; url=&#8220;\/de\/stellenangebote\/&#8220; fullwidth=&#8220;true&#8220; margin_bottom=&#8220;0&#8243; bg_color=&#8220;#342a7b&#8220; btn_hover_bg=&#8220;#131413&#8243; btn_hover_txt_color=&#8220;#ffffff&#8220;]Sehen Sie sich unsere offenen Stellen an[\/mk_button][\/vc_column][\/vc_row]\n<\/div>","protected":false},"excerpt":{"rendered":"<p>[mk_page_section bg_image=&#8220;https:\/\/nossin.nl\/wp-content\/uploads\/2018\/06\/dscf2436-2.jpg&#8220; bg_position=&#8220;center center&#8220; bg_repeat=&#8220;no-repeat&#8220; bg_stretch=&#8220;true&#8220; video_color_mask=&#8220;#000000&#8243; min_height=&#8220;555&#8243; js_vertical_centered=&#8220;true&#8220; padding_top=&#8220;0&#8243; padding_bottom=&#8220;0&#8243; has_bottom_shape_divider=&#8220;true&#8220; bottom_shape_size=&#8220;small&#8220; sidebar=&#8220;sidebar-1&#8243; first_page=&#8220;false&#8220; last_page=&#8220;false&#8220;][vc_column][\/vc_column][\/mk_page_section][vc_row fullwidth=&#8220;true&#8220; fullwidth_content=&#8220;false&#8220; equal_columns=&#8220;true&#8220; css=&#8220;.vc_custom_1532095095517{margin-top: -130px !important;}&#8220; el_class=&#8220;rijinslider&#8220;][vc_column][vc_row_inner column_padding=&#8220;4&#8243; padding=&#8220;3&#8243; css=&#8220;.vc_custom_1531404656144{padding-top: 3px !important;padding-right: 3px !important;padding-bottom: 3px !important;padding-left: 3px !important;}&#8220;][vc_column_inner width=&#8220;1\/4&#8243;][mk_icon_box2 icon_type=&#8220;image&#8220; icon_size=&#8220;inherit&#8220; icon_image=&#8220;https:\/\/nossin.nl\/wp-content\/uploads\/2018\/11\/dscf2423-22.jpg&#8220; title=&#8220;FR\u00c4SEN&#8220; title_size=&#8220;18&#8243; title_weight=&#8220;bolder&#8220; title_color=&#8220;#342a7b&#8220; title_top_padding=&#8220;20&#8243; title_bottom_padding=&#8220;20&#8243; align=&#8220;left&#8220; animation=&#8220;fade-in&#8220;]Im Bereich von fr\u00e4sen ist Nossin FMI progressiv in das [&hellip;]<\/p>\n","protected":false},"author":1,"featured_media":0,"parent":0,"menu_order":0,"comment_status":"open","ping_status":"open","template":"","meta":{"footnotes":""},"class_list":["post-7036","page","type-page","status-publish","hentry"],"yoast_head":"<!-- This site is optimized with the Yoast SEO plugin v26.8 - https:\/\/yoast.com\/product\/yoast-seo-wordpress\/ -->\n<title>Home - Nossin<\/title>\n<meta name=\"robots\" content=\"index, follow, max-snippet:-1, max-image-preview:large, max-video-preview:-1\" \/>\n<link rel=\"canonical\" href=\"https:\/\/nossin.nl\/de\/\" \/>\n<meta property=\"og:locale\" content=\"de_DE\" \/>\n<meta property=\"og:type\" content=\"article\" \/>\n<meta property=\"og:title\" content=\"Home - Nossin\" \/>\n<meta property=\"og:description\" content=\"[mk_page_section bg_image=&#8220;https:\/\/nossin.nl\/wp-content\/uploads\/2018\/06\/dscf2436-2.jpg&#8220; bg_position=&#8220;center center&#8220; bg_repeat=&#8220;no-repeat&#8220; bg_stretch=&#8220;true&#8220; video_color_mask=&#8220;#000000&#8243; min_height=&#8220;555&#8243; js_vertical_centered=&#8220;true&#8220; padding_top=&#8220;0&#8243; padding_bottom=&#8220;0&#8243; has_bottom_shape_divider=&#8220;true&#8220; bottom_shape_size=&#8220;small&#8220; sidebar=&#8220;sidebar-1&#8243; first_page=&#8220;false&#8220; last_page=&#8220;false&#8220;][vc_column][\/vc_column][\/mk_page_section][vc_row fullwidth=&#8220;true&#8220; fullwidth_content=&#8220;false&#8220; equal_columns=&#8220;true&#8220; css=&#8220;.vc_custom_1532095095517{margin-top: -130px !important;}&#8220; el_class=&#8220;rijinslider&#8220;][vc_column][vc_row_inner column_padding=&#8220;4&#8243; padding=&#8220;3&#8243; css=&#8220;.vc_custom_1531404656144{padding-top: 3px !important;padding-right: 3px !important;padding-bottom: 3px !important;padding-left: 3px !important;}&#8220;][vc_column_inner width=&#8220;1\/4&#8243;][mk_icon_box2 icon_type=&#8220;image&#8220; icon_size=&#8220;inherit&#8220; icon_image=&#8220;https:\/\/nossin.nl\/wp-content\/uploads\/2018\/11\/dscf2423-22.jpg&#8220; title=&#8220;FR\u00c4SEN&#8220; title_size=&#8220;18&#8243; title_weight=&#8220;bolder&#8220; title_color=&#8220;#342a7b&#8220; title_top_padding=&#8220;20&#8243; title_bottom_padding=&#8220;20&#8243; align=&#8220;left&#8220; animation=&#8220;fade-in&#8220;]Im Bereich von fr\u00e4sen ist Nossin FMI progressiv in das [&hellip;]\" \/>\n<meta property=\"og:url\" content=\"https:\/\/nossin.nl\/de\/\" \/>\n<meta property=\"og:site_name\" content=\"Nossin\" \/>\n<meta property=\"article:modified_time\" content=\"2018-11-22T07:57:43+00:00\" \/>\n<meta name=\"twitter:card\" content=\"summary_large_image\" \/>\n<meta name=\"twitter:label1\" content=\"Gesch\u00e4tzte Lesezeit\" \/>\n\t<meta name=\"twitter:data1\" content=\"7\u00a0Minuten\" \/>\n<script type=\"application\/ld+json\" class=\"yoast-schema-graph\">{\"@context\":\"https:\/\/schema.org\",\"@graph\":[{\"@type\":\"WebPage\",\"@id\":\"https:\/\/nossin.nl\/de\/\",\"url\":\"https:\/\/nossin.nl\/de\/\",\"name\":\"Home - Nossin\",\"isPartOf\":{\"@id\":\"https:\/\/nossin.nl\/#website\"},\"datePublished\":\"2018-11-19T09:33:35+00:00\",\"dateModified\":\"2018-11-22T07:57:43+00:00\",\"breadcrumb\":{\"@id\":\"https:\/\/nossin.nl\/de\/#breadcrumb\"},\"inLanguage\":\"de\",\"potentialAction\":[{\"@type\":\"ReadAction\",\"target\":[\"https:\/\/nossin.nl\/de\/\"]}]},{\"@type\":\"BreadcrumbList\",\"@id\":\"https:\/\/nossin.nl\/de\/#breadcrumb\",\"itemListElement\":[{\"@type\":\"ListItem\",\"position\":1,\"name\":\"Home\",\"item\":\"https:\/\/nossin.nl\/de\/\"},{\"@type\":\"ListItem\",\"position\":2,\"name\":\"Home\"}]},{\"@type\":\"WebSite\",\"@id\":\"https:\/\/nossin.nl\/#website\",\"url\":\"https:\/\/nossin.nl\/\",\"name\":\"Nossin\",\"description\":\"Vakmanschap, betrouwbaarheid, precisie en kwaliteit, dat is Nossin Fijnmechanische Industrie.\",\"potentialAction\":[{\"@type\":\"SearchAction\",\"target\":{\"@type\":\"EntryPoint\",\"urlTemplate\":\"https:\/\/nossin.nl\/?s={search_term_string}\"},\"query-input\":{\"@type\":\"PropertyValueSpecification\",\"valueRequired\":true,\"valueName\":\"search_term_string\"}}],\"inLanguage\":\"de\"}]}<\/script>\n<!-- \/ Yoast SEO plugin. -->","yoast_head_json":{"title":"Home - Nossin","robots":{"index":"index","follow":"follow","max-snippet":"max-snippet:-1","max-image-preview":"max-image-preview:large","max-video-preview":"max-video-preview:-1"},"canonical":"https:\/\/nossin.nl\/de\/","og_locale":"de_DE","og_type":"article","og_title":"Home - Nossin","og_description":"[mk_page_section bg_image=&#8220;https:\/\/nossin.nl\/wp-content\/uploads\/2018\/06\/dscf2436-2.jpg&#8220; bg_position=&#8220;center center&#8220; bg_repeat=&#8220;no-repeat&#8220; bg_stretch=&#8220;true&#8220; video_color_mask=&#8220;#000000&#8243; min_height=&#8220;555&#8243; js_vertical_centered=&#8220;true&#8220; padding_top=&#8220;0&#8243; padding_bottom=&#8220;0&#8243; has_bottom_shape_divider=&#8220;true&#8220; bottom_shape_size=&#8220;small&#8220; sidebar=&#8220;sidebar-1&#8243; first_page=&#8220;false&#8220; last_page=&#8220;false&#8220;][vc_column][\/vc_column][\/mk_page_section][vc_row fullwidth=&#8220;true&#8220; fullwidth_content=&#8220;false&#8220; equal_columns=&#8220;true&#8220; css=&#8220;.vc_custom_1532095095517{margin-top: -130px !important;}&#8220; el_class=&#8220;rijinslider&#8220;][vc_column][vc_row_inner column_padding=&#8220;4&#8243; padding=&#8220;3&#8243; css=&#8220;.vc_custom_1531404656144{padding-top: 3px !important;padding-right: 3px !important;padding-bottom: 3px !important;padding-left: 3px !important;}&#8220;][vc_column_inner width=&#8220;1\/4&#8243;][mk_icon_box2 icon_type=&#8220;image&#8220; icon_size=&#8220;inherit&#8220; icon_image=&#8220;https:\/\/nossin.nl\/wp-content\/uploads\/2018\/11\/dscf2423-22.jpg&#8220; title=&#8220;FR\u00c4SEN&#8220; title_size=&#8220;18&#8243; title_weight=&#8220;bolder&#8220; title_color=&#8220;#342a7b&#8220; title_top_padding=&#8220;20&#8243; title_bottom_padding=&#8220;20&#8243; align=&#8220;left&#8220; animation=&#8220;fade-in&#8220;]Im Bereich von fr\u00e4sen ist Nossin FMI progressiv in das [&hellip;]","og_url":"https:\/\/nossin.nl\/de\/","og_site_name":"Nossin","article_modified_time":"2018-11-22T07:57:43+00:00","twitter_card":"summary_large_image","twitter_misc":{"Gesch\u00e4tzte Lesezeit":"7\u00a0Minuten"},"schema":{"@context":"https:\/\/schema.org","@graph":[{"@type":"WebPage","@id":"https:\/\/nossin.nl\/de\/","url":"https:\/\/nossin.nl\/de\/","name":"Home - Nossin","isPartOf":{"@id":"https:\/\/nossin.nl\/#website"},"datePublished":"2018-11-19T09:33:35+00:00","dateModified":"2018-11-22T07:57:43+00:00","breadcrumb":{"@id":"https:\/\/nossin.nl\/de\/#breadcrumb"},"inLanguage":"de","potentialAction":[{"@type":"ReadAction","target":["https:\/\/nossin.nl\/de\/"]}]},{"@type":"BreadcrumbList","@id":"https:\/\/nossin.nl\/de\/#breadcrumb","itemListElement":[{"@type":"ListItem","position":1,"name":"Home","item":"https:\/\/nossin.nl\/de\/"},{"@type":"ListItem","position":2,"name":"Home"}]},{"@type":"WebSite","@id":"https:\/\/nossin.nl\/#website","url":"https:\/\/nossin.nl\/","name":"Nossin","description":"Vakmanschap, betrouwbaarheid, precisie en kwaliteit, dat is Nossin Fijnmechanische Industrie.","potentialAction":[{"@type":"SearchAction","target":{"@type":"EntryPoint","urlTemplate":"https:\/\/nossin.nl\/?s={search_term_string}"},"query-input":{"@type":"PropertyValueSpecification","valueRequired":true,"valueName":"search_term_string"}}],"inLanguage":"de"}]}},"_links":{"self":[{"href":"https:\/\/nossin.nl\/de\/wp-json\/wp\/v2\/pages\/7036","targetHints":{"allow":["GET"]}}],"collection":[{"href":"https:\/\/nossin.nl\/de\/wp-json\/wp\/v2\/pages"}],"about":[{"href":"https:\/\/nossin.nl\/de\/wp-json\/wp\/v2\/types\/page"}],"author":[{"embeddable":true,"href":"https:\/\/nossin.nl\/de\/wp-json\/wp\/v2\/users\/1"}],"replies":[{"embeddable":true,"href":"https:\/\/nossin.nl\/de\/wp-json\/wp\/v2\/comments?post=7036"}],"version-history":[{"count":15,"href":"https:\/\/nossin.nl\/de\/wp-json\/wp\/v2\/pages\/7036\/revisions"}],"predecessor-version":[{"id":7216,"href":"https:\/\/nossin.nl\/de\/wp-json\/wp\/v2\/pages\/7036\/revisions\/7216"}],"wp:attachment":[{"href":"https:\/\/nossin.nl\/de\/wp-json\/wp\/v2\/media?parent=7036"}],"curies":[{"name":"wp","href":"https:\/\/api.w.org\/{rel}","templated":true}]}}