{"id":7072,"date":"2018-11-19T11:02:44","date_gmt":"2018-11-19T10:02:44","guid":{"rendered":"https:\/\/nossin.nl\/?page_id=7072"},"modified":"2018-11-20T12:45:19","modified_gmt":"2018-11-20T11:45:19","slug":"frasen","status":"publish","type":"page","link":"https:\/\/nossin.nl\/de\/frasen\/","title":{"rendered":"Fr\u00e4sen"},"content":{"rendered":"<div class=\"wpb-content-wrapper\">[mk_page_section bg_image=&#8220;https:\/\/nossin.nl\/wp-content\/uploads\/2018\/11\/dscf2421-21.jpg&#8220; attachment=&#8220;fixed&#8220; bg_position=&#8220;center center&#8220; bg_repeat=&#8220;no-repeat&#8220; bg_stretch=&#8220;true&#8220; enable_3d=&#8220;true&#8220; speed_factor=&#8220;0.5&#8243; video_color_mask=&#8220;#0a0a0a&#8220; video_opacity=&#8220;0.4&#8243; min_height=&#8220;555&#8243; padding_top=&#8220;0&#8243; padding_bottom=&#8220;0&#8243; has_bottom_shape_divider=&#8220;true&#8220; bottom_shape_size=&#8220;small&#8220; bottom_shape_color=&#8220;#ffffff&#8220; sidebar=&#8220;sidebar-1&#8243; first_page=&#8220;false&#8220; last_page=&#8220;false&#8220;][vc_column][\/vc_column][\/mk_page_section][vc_row][vc_column css=&#8220;.vc_custom_1528203703274{padding-top: 40px !important;padding-bottom: 40px !important;}&#8220;][mk_fancy_title tag_name=&#8220;h3&#8243; color=&#8220;#222222&#8243; size=&#8220;28&#8243; font_weight=&#8220;900&#8243; txt_transform=&#8220;uppercase&#8220; margin_bottom=&#8220;0&#8243; font_family=&#8220;none&#8220; align=&#8220;center&#8220;]Fr\u00e4sen[\/mk_fancy_title][mk_divider style=&#8220;thin_solid&#8220; divider_width=&#8220;custom_width&#8220; custom_width=&#8220;25&#8243; thickness=&#8220;4&#8243; margin_top=&#8220;30&#8243; margin_bottom=&#8220;40&#8243;][vc_row_inner][vc_column_inner][vc_column_text css=&#8220;.vc_custom_1542621673775{margin-bottom: 0px !important;}&#8220;]Auf dem Gebiet Fr\u00e4sen ist Nossin FMI tonangebend im pr\u00e4zisen Bearbeiten von Aluminiummaterialien. Die Seriengr\u00f6\u00dfen variieren zwischen 5 bis 1000 St\u00fcck. Ein entsprechender Wiederholungscharakter der Serien passt zudem optimal zur Strategie von Nossin FMI. Die m\u00f6glichen Abmessungen reichen von ein paar Millimetern bis hin zu 850 mm. Die vielseitig einsetzbaren und zuverl\u00e4ssigen Maschinen werden von Fachexperten extern \u00fcber das moderne CAD\/CAM-System HyperMill programmiert. Die Programmierungssoftware wird konstant mit den neuesten Anwendungen aktualisiert.[\/vc_column_text][\/vc_column_inner][\/vc_row_inner][\/vc_column][\/vc_row][mk_page_section bg_image=&#8220;https:\/\/nossin.nl\/wp-content\/uploads\/2018\/11\/dscf2431-23.jpg&#8220; bg_position=&#8220;center center&#8220; enable_3d=&#8220;true&#8220; min_height=&#8220;400&#8243; padding_top=&#8220;0&#8243; has_top_shape_divider=&#8220;true&#8220; top_shape_size=&#8220;small&#8220; has_bottom_shape_divider=&#8220;true&#8220; sidebar=&#8220;sidebar-1&#8243;][vc_column][\/vc_column][\/mk_page_section][vc_row css=&#8220;.vc_custom_1528451402542{padding-top: 50px !important;}&#8220;][vc_column width=&#8220;1\/2&#8243;][vc_column_text css=&#8220;.vc_custom_1542621699546{margin-bottom: 0px !important;}&#8220;]<strong>5-Achsen CNC-Fr\u00e4smaschinen<\/strong><\/p>\n<p>Mit den \u00e4u\u00dferst genauen 5-achsigen Hermle CNC-Fr\u00e4smaschinen, wovon einige ausgestattet sind mit einem integrierten 6-achsigen Kuka Industrieroboter und einem vollst\u00e4ndigen Paletten- und Werkzeugwechselsystem, bietet Nossin FMI eine effiziente 24 Stunden Produktion. Diese Hermle Maschinen haben eine maximale Drehzahl von 18.000 Umdrehungen pro Minute und realisieren eine Genauigkeitstoleranz von bis zu 5 micron. Damit eignen sich die Hermle CNC-Fr\u00e4smaschinen von Nossin ideal f\u00fcr die Produktion von Pr\u00e4zisionsteilen aus Aluminium mit einem serienm\u00e4\u00dfigen wiederholenden Charakter. Die maximale Palettengr\u00f6\u00dfe der Hermle C40U betr\u00e4gt 630 x 750 mm.[\/vc_column_text][\/vc_column][vc_column width=&#8220;1\/2&#8243;][vc_column_text css=&#8220;.vc_custom_1542621723980{margin-bottom: 0px !important;}&#8220;]<strong>Fr\u00e4sbearbeitungszentren<\/strong><\/p>\n<p>Nossin FMI verf\u00fcgt \u00fcber diverse Okuma Bearbeitungszentren mit komplettem Werkzeugwechselsystem. Einige dieser Bearbeitungszentren sind zudem mit einem Palettenwechselsystem ausgestattet. Dadurch kann auch bei diesen Maschinen eine 24 Stunden Produktion realisiert werden.[\/vc_column_text][vc_column_text css=&#8220;.vc_custom_1542621741408{margin-bottom: 0px !important;}&#8220;]<strong>Sonstige CNC-Fr\u00e4smaschinen<\/strong><\/p>\n<p>Neben den diversen Bearbeitungszentren verf\u00fcgt Nossin FMI auch \u00fcber verschiedene 3-achsige \u201estand alone\u201c CNC-Fr\u00e4smaschinen von Marken wie Hermle und Okuma. Dadurch ist Nossin FMI auch in der Lage, um kleinere Seriengr\u00f6\u00dfen zu produzieren.[\/vc_column_text][\/vc_column][\/vc_row][vc_row][vc_column][mk_padding_divider][\/vc_column][\/vc_row][vc_row fullwidth=&#8220;true&#8220; attached=&#8220;true&#8220; padding=&#8220;0&#8243;][vc_column][mk_button dimension=&#8220;flat&#8220; size=&#8220;xx-large&#8220; icon=&#8220;mk-moon-bubble-dots-2&#8243; url=&#8220;\/de\/stellenangebote\/&#8220; align=&#8220;center&#8220; fullwidth=&#8220;true&#8220; margin_bottom=&#8220;0&#8243; bg_color=&#8220;#392672&#8243; btn_hover_bg=&#8220;#131413&#8243; btn_hover_txt_color=&#8220;#ffffff&#8220;]Sehen Sie sich unsere offenen Stellen an[\/mk_button][\/vc_column][\/vc_row]\n<\/div>","protected":false},"excerpt":{"rendered":"<p>[mk_page_section bg_image=&#8220;https:\/\/nossin.nl\/wp-content\/uploads\/2018\/11\/dscf2421-21.jpg&#8220; attachment=&#8220;fixed&#8220; bg_position=&#8220;center center&#8220; bg_repeat=&#8220;no-repeat&#8220; bg_stretch=&#8220;true&#8220; enable_3d=&#8220;true&#8220; speed_factor=&#8220;0.5&#8243; video_color_mask=&#8220;#0a0a0a&#8220; video_opacity=&#8220;0.4&#8243; min_height=&#8220;555&#8243; padding_top=&#8220;0&#8243; padding_bottom=&#8220;0&#8243; has_bottom_shape_divider=&#8220;true&#8220; bottom_shape_size=&#8220;small&#8220; bottom_shape_color=&#8220;#ffffff&#8220; sidebar=&#8220;sidebar-1&#8243; first_page=&#8220;false&#8220; last_page=&#8220;false&#8220;][vc_column][\/vc_column][\/mk_page_section][vc_row][vc_column css=&#8220;.vc_custom_1528203703274{padding-top: 40px !important;padding-bottom: 40px !important;}&#8220;][mk_fancy_title tag_name=&#8220;h3&#8243; color=&#8220;#222222&#8243; size=&#8220;28&#8243; font_weight=&#8220;900&#8243; txt_transform=&#8220;uppercase&#8220; margin_bottom=&#8220;0&#8243; font_family=&#8220;none&#8220; align=&#8220;center&#8220;]Fr\u00e4sen[\/mk_fancy_title][mk_divider style=&#8220;thin_solid&#8220; divider_width=&#8220;custom_width&#8220; custom_width=&#8220;25&#8243; thickness=&#8220;4&#8243; margin_top=&#8220;30&#8243; margin_bottom=&#8220;40&#8243;][vc_row_inner][vc_column_inner][vc_column_text css=&#8220;.vc_custom_1542621673775{margin-bottom: 0px !important;}&#8220;]Auf dem Gebiet Fr\u00e4sen ist Nossin FMI tonangebend im pr\u00e4zisen Bearbeiten von Aluminiummaterialien. Die [&hellip;]<\/p>\n","protected":false},"author":1,"featured_media":0,"parent":0,"menu_order":0,"comment_status":"open","ping_status":"open","template":"","meta":{"footnotes":""},"class_list":["post-7072","page","type-page","status-publish","hentry"],"yoast_head":"<!-- This site is optimized with the Yoast SEO plugin v26.8 - https:\/\/yoast.com\/product\/yoast-seo-wordpress\/ -->\n<title>Fr\u00e4sen - Nossin<\/title>\n<meta name=\"robots\" content=\"index, follow, max-snippet:-1, max-image-preview:large, max-video-preview:-1\" \/>\n<link rel=\"canonical\" href=\"https:\/\/nossin.nl\/de\/frasen\/\" \/>\n<meta property=\"og:locale\" content=\"de_DE\" \/>\n<meta property=\"og:type\" content=\"article\" \/>\n<meta property=\"og:title\" content=\"Fr\u00e4sen - Nossin\" \/>\n<meta property=\"og:description\" content=\"[mk_page_section bg_image=&#8220;https:\/\/nossin.nl\/wp-content\/uploads\/2018\/11\/dscf2421-21.jpg&#8220; attachment=&#8220;fixed&#8220; bg_position=&#8220;center center&#8220; bg_repeat=&#8220;no-repeat&#8220; bg_stretch=&#8220;true&#8220; enable_3d=&#8220;true&#8220; speed_factor=&#8220;0.5&#8243; video_color_mask=&#8220;#0a0a0a&#8220; video_opacity=&#8220;0.4&#8243; min_height=&#8220;555&#8243; padding_top=&#8220;0&#8243; padding_bottom=&#8220;0&#8243; has_bottom_shape_divider=&#8220;true&#8220; bottom_shape_size=&#8220;small&#8220; bottom_shape_color=&#8220;#ffffff&#8220; sidebar=&#8220;sidebar-1&#8243; first_page=&#8220;false&#8220; last_page=&#8220;false&#8220;][vc_column][\/vc_column][\/mk_page_section][vc_row][vc_column css=&#8220;.vc_custom_1528203703274{padding-top: 40px !important;padding-bottom: 40px !important;}&#8220;][mk_fancy_title tag_name=&#8220;h3&#8243; color=&#8220;#222222&#8243; size=&#8220;28&#8243; font_weight=&#8220;900&#8243; txt_transform=&#8220;uppercase&#8220; margin_bottom=&#8220;0&#8243; font_family=&#8220;none&#8220; align=&#8220;center&#8220;]Fr\u00e4sen[\/mk_fancy_title][mk_divider style=&#8220;thin_solid&#8220; divider_width=&#8220;custom_width&#8220; custom_width=&#8220;25&#8243; thickness=&#8220;4&#8243; margin_top=&#8220;30&#8243; margin_bottom=&#8220;40&#8243;][vc_row_inner][vc_column_inner][vc_column_text css=&#8220;.vc_custom_1542621673775{margin-bottom: 0px !important;}&#8220;]Auf dem Gebiet Fr\u00e4sen ist Nossin FMI tonangebend im pr\u00e4zisen Bearbeiten von Aluminiummaterialien. Die [&hellip;]\" \/>\n<meta property=\"og:url\" content=\"https:\/\/nossin.nl\/de\/frasen\/\" \/>\n<meta property=\"og:site_name\" content=\"Nossin\" \/>\n<meta property=\"article:modified_time\" content=\"2018-11-20T11:45:19+00:00\" \/>\n<meta name=\"twitter:card\" content=\"summary_large_image\" \/>\n<meta name=\"twitter:label1\" content=\"Gesch\u00e4tzte Lesezeit\" \/>\n\t<meta name=\"twitter:data1\" content=\"3\u00a0Minuten\" \/>\n<script type=\"application\/ld+json\" class=\"yoast-schema-graph\">{\"@context\":\"https:\/\/schema.org\",\"@graph\":[{\"@type\":\"WebPage\",\"@id\":\"https:\/\/nossin.nl\/de\/frasen\/\",\"url\":\"https:\/\/nossin.nl\/de\/frasen\/\",\"name\":\"Fr\u00e4sen - Nossin\",\"isPartOf\":{\"@id\":\"https:\/\/nossin.nl\/#website\"},\"datePublished\":\"2018-11-19T10:02:44+00:00\",\"dateModified\":\"2018-11-20T11:45:19+00:00\",\"breadcrumb\":{\"@id\":\"https:\/\/nossin.nl\/de\/frasen\/#breadcrumb\"},\"inLanguage\":\"de\",\"potentialAction\":[{\"@type\":\"ReadAction\",\"target\":[\"https:\/\/nossin.nl\/de\/frasen\/\"]}]},{\"@type\":\"BreadcrumbList\",\"@id\":\"https:\/\/nossin.nl\/de\/frasen\/#breadcrumb\",\"itemListElement\":[{\"@type\":\"ListItem\",\"position\":1,\"name\":\"Home\",\"item\":\"https:\/\/nossin.nl\/de\/\"},{\"@type\":\"ListItem\",\"position\":2,\"name\":\"Fr\u00e4sen\"}]},{\"@type\":\"WebSite\",\"@id\":\"https:\/\/nossin.nl\/#website\",\"url\":\"https:\/\/nossin.nl\/\",\"name\":\"Nossin\",\"description\":\"Vakmanschap, betrouwbaarheid, precisie en kwaliteit, dat is Nossin Fijnmechanische Industrie.\",\"potentialAction\":[{\"@type\":\"SearchAction\",\"target\":{\"@type\":\"EntryPoint\",\"urlTemplate\":\"https:\/\/nossin.nl\/?s={search_term_string}\"},\"query-input\":{\"@type\":\"PropertyValueSpecification\",\"valueRequired\":true,\"valueName\":\"search_term_string\"}}],\"inLanguage\":\"de\"}]}<\/script>\n<!-- \/ Yoast SEO plugin. -->","yoast_head_json":{"title":"Fr\u00e4sen - Nossin","robots":{"index":"index","follow":"follow","max-snippet":"max-snippet:-1","max-image-preview":"max-image-preview:large","max-video-preview":"max-video-preview:-1"},"canonical":"https:\/\/nossin.nl\/de\/frasen\/","og_locale":"de_DE","og_type":"article","og_title":"Fr\u00e4sen - Nossin","og_description":"[mk_page_section bg_image=&#8220;https:\/\/nossin.nl\/wp-content\/uploads\/2018\/11\/dscf2421-21.jpg&#8220; attachment=&#8220;fixed&#8220; bg_position=&#8220;center center&#8220; bg_repeat=&#8220;no-repeat&#8220; bg_stretch=&#8220;true&#8220; enable_3d=&#8220;true&#8220; speed_factor=&#8220;0.5&#8243; video_color_mask=&#8220;#0a0a0a&#8220; video_opacity=&#8220;0.4&#8243; min_height=&#8220;555&#8243; padding_top=&#8220;0&#8243; padding_bottom=&#8220;0&#8243; has_bottom_shape_divider=&#8220;true&#8220; bottom_shape_size=&#8220;small&#8220; bottom_shape_color=&#8220;#ffffff&#8220; sidebar=&#8220;sidebar-1&#8243; first_page=&#8220;false&#8220; last_page=&#8220;false&#8220;][vc_column][\/vc_column][\/mk_page_section][vc_row][vc_column css=&#8220;.vc_custom_1528203703274{padding-top: 40px !important;padding-bottom: 40px !important;}&#8220;][mk_fancy_title tag_name=&#8220;h3&#8243; color=&#8220;#222222&#8243; size=&#8220;28&#8243; font_weight=&#8220;900&#8243; txt_transform=&#8220;uppercase&#8220; margin_bottom=&#8220;0&#8243; font_family=&#8220;none&#8220; align=&#8220;center&#8220;]Fr\u00e4sen[\/mk_fancy_title][mk_divider style=&#8220;thin_solid&#8220; divider_width=&#8220;custom_width&#8220; custom_width=&#8220;25&#8243; thickness=&#8220;4&#8243; margin_top=&#8220;30&#8243; margin_bottom=&#8220;40&#8243;][vc_row_inner][vc_column_inner][vc_column_text css=&#8220;.vc_custom_1542621673775{margin-bottom: 0px !important;}&#8220;]Auf dem Gebiet Fr\u00e4sen ist Nossin FMI tonangebend im pr\u00e4zisen Bearbeiten von Aluminiummaterialien. Die [&hellip;]","og_url":"https:\/\/nossin.nl\/de\/frasen\/","og_site_name":"Nossin","article_modified_time":"2018-11-20T11:45:19+00:00","twitter_card":"summary_large_image","twitter_misc":{"Gesch\u00e4tzte Lesezeit":"3\u00a0Minuten"},"schema":{"@context":"https:\/\/schema.org","@graph":[{"@type":"WebPage","@id":"https:\/\/nossin.nl\/de\/frasen\/","url":"https:\/\/nossin.nl\/de\/frasen\/","name":"Fr\u00e4sen - Nossin","isPartOf":{"@id":"https:\/\/nossin.nl\/#website"},"datePublished":"2018-11-19T10:02:44+00:00","dateModified":"2018-11-20T11:45:19+00:00","breadcrumb":{"@id":"https:\/\/nossin.nl\/de\/frasen\/#breadcrumb"},"inLanguage":"de","potentialAction":[{"@type":"ReadAction","target":["https:\/\/nossin.nl\/de\/frasen\/"]}]},{"@type":"BreadcrumbList","@id":"https:\/\/nossin.nl\/de\/frasen\/#breadcrumb","itemListElement":[{"@type":"ListItem","position":1,"name":"Home","item":"https:\/\/nossin.nl\/de\/"},{"@type":"ListItem","position":2,"name":"Fr\u00e4sen"}]},{"@type":"WebSite","@id":"https:\/\/nossin.nl\/#website","url":"https:\/\/nossin.nl\/","name":"Nossin","description":"Vakmanschap, betrouwbaarheid, precisie en kwaliteit, dat is Nossin Fijnmechanische Industrie.","potentialAction":[{"@type":"SearchAction","target":{"@type":"EntryPoint","urlTemplate":"https:\/\/nossin.nl\/?s={search_term_string}"},"query-input":{"@type":"PropertyValueSpecification","valueRequired":true,"valueName":"search_term_string"}}],"inLanguage":"de"}]}},"_links":{"self":[{"href":"https:\/\/nossin.nl\/de\/wp-json\/wp\/v2\/pages\/7072","targetHints":{"allow":["GET"]}}],"collection":[{"href":"https:\/\/nossin.nl\/de\/wp-json\/wp\/v2\/pages"}],"about":[{"href":"https:\/\/nossin.nl\/de\/wp-json\/wp\/v2\/types\/page"}],"author":[{"embeddable":true,"href":"https:\/\/nossin.nl\/de\/wp-json\/wp\/v2\/users\/1"}],"replies":[{"embeddable":true,"href":"https:\/\/nossin.nl\/de\/wp-json\/wp\/v2\/comments?post=7072"}],"version-history":[{"count":4,"href":"https:\/\/nossin.nl\/de\/wp-json\/wp\/v2\/pages\/7072\/revisions"}],"predecessor-version":[{"id":7206,"href":"https:\/\/nossin.nl\/de\/wp-json\/wp\/v2\/pages\/7072\/revisions\/7206"}],"wp:attachment":[{"href":"https:\/\/nossin.nl\/de\/wp-json\/wp\/v2\/media?parent=7072"}],"curies":[{"name":"wp","href":"https:\/\/api.w.org\/{rel}","templated":true}]}}