{"id":7112,"date":"2018-11-19T16:49:03","date_gmt":"2018-11-19T15:49:03","guid":{"rendered":"https:\/\/nossin.nl\/?page_id=7112"},"modified":"2018-11-20T12:47:18","modified_gmt":"2018-11-20T11:47:18","slug":"montage","status":"publish","type":"page","link":"https:\/\/nossin.nl\/de\/montage\/","title":{"rendered":"Montage"},"content":{"rendered":"<div class=\"wpb-content-wrapper\">[mk_page_section bg_image=&#8220;https:\/\/nossin.nl\/wp-content\/uploads\/2018\/07\/nossin021.jpg&#8220; attachment=&#8220;fixed&#8220; bg_position=&#8220;center center&#8220; bg_repeat=&#8220;no-repeat&#8220; bg_stretch=&#8220;true&#8220; enable_3d=&#8220;true&#8220; speed_factor=&#8220;0.5&#8243; video_color_mask=&#8220;#0a0a0a&#8220; video_opacity=&#8220;0.4&#8243; min_height=&#8220;555&#8243; padding_top=&#8220;0&#8243; padding_bottom=&#8220;0&#8243; has_bottom_shape_divider=&#8220;true&#8220; bottom_shape_size=&#8220;small&#8220; sidebar=&#8220;sidebar-1&#8243; first_page=&#8220;false&#8220; last_page=&#8220;false&#8220;][vc_column][\/vc_column][\/mk_page_section][vc_row][vc_column css=&#8220;.vc_custom_1528203673885{padding-top: 40px !important;padding-bottom: 40px !important;}&#8220;][mk_fancy_title tag_name=&#8220;h3&#8243; color=&#8220;#222222&#8243; size=&#8220;28&#8243; font_weight=&#8220;900&#8243; txt_transform=&#8220;uppercase&#8220; margin_bottom=&#8220;0&#8243; font_family=&#8220;none&#8220; align=&#8220;center&#8220;]Montage[\/mk_fancy_title][mk_divider style=&#8220;thin_solid&#8220; divider_width=&#8220;custom_width&#8220; custom_width=&#8220;25&#8243; thickness=&#8220;4&#8243; margin_top=&#8220;30&#8243; margin_bottom=&#8220;40&#8243;][vc_row_inner][vc_column_inner width=&#8220;1\/6&#8243;][\/vc_column_inner][vc_column_inner width=&#8220;2\/3&#8243;][vc_column_text css=&#8220;.vc_custom_1542699275617{margin-bottom: 0px !important;}&#8220;]Mit Montageprozessen hat das Unternehmen Nossin FMI jahrelange Erfahrung. In dem vollst\u00e4ndig ausgestatteten Montageraum ist es m\u00f6glich, um gefertigte Produkte zu kompletten Modulen zusammenzubauen.<\/p>\n<p>Daneben hat Nossim FMI die verf\u00fcgung \u00fcber verschiedene Tools f\u00fcr das eins\u00e4tzen von Inserts und Helicoils und dabei f\u00fcrs entgraten von Produkte. Wir haben einer staubarme Montagenraum zur verf\u00fcgung woh haupts\u00e4chlich Submodule assembliert werden.[\/vc_column_text][\/vc_column_inner][vc_column_inner width=&#8220;1\/6&#8243;][\/vc_column_inner][\/vc_row_inner][mk_padding_divider][\/vc_column][\/vc_row][vc_row fullwidth=&#8220;true&#8220; attached=&#8220;true&#8220; padding=&#8220;0&#8243;][vc_column][mk_button dimension=&#8220;flat&#8220; size=&#8220;xx-large&#8220; icon=&#8220;mk-moon-bubble-dots-2&#8243; url=&#8220;\/de\/stellenangebote\/&#8220; align=&#8220;center&#8220; fullwidth=&#8220;true&#8220; margin_bottom=&#8220;0&#8243; bg_color=&#8220;#392672&#8243; btn_hover_bg=&#8220;#131413&#8243; btn_hover_txt_color=&#8220;#ffffff&#8220;]Sehen Sie sich unsere offenen Stellen an[\/mk_button][\/vc_column][\/vc_row]\n<\/div>","protected":false},"excerpt":{"rendered":"<p>[mk_page_section bg_image=&#8220;https:\/\/nossin.nl\/wp-content\/uploads\/2018\/07\/nossin021.jpg&#8220; attachment=&#8220;fixed&#8220; bg_position=&#8220;center center&#8220; bg_repeat=&#8220;no-repeat&#8220; bg_stretch=&#8220;true&#8220; enable_3d=&#8220;true&#8220; speed_factor=&#8220;0.5&#8243; video_color_mask=&#8220;#0a0a0a&#8220; video_opacity=&#8220;0.4&#8243; min_height=&#8220;555&#8243; padding_top=&#8220;0&#8243; padding_bottom=&#8220;0&#8243; has_bottom_shape_divider=&#8220;true&#8220; bottom_shape_size=&#8220;small&#8220; sidebar=&#8220;sidebar-1&#8243; first_page=&#8220;false&#8220; last_page=&#8220;false&#8220;][vc_column][\/vc_column][\/mk_page_section][vc_row][vc_column css=&#8220;.vc_custom_1528203673885{padding-top: 40px !important;padding-bottom: 40px !important;}&#8220;][mk_fancy_title tag_name=&#8220;h3&#8243; color=&#8220;#222222&#8243; size=&#8220;28&#8243; font_weight=&#8220;900&#8243; txt_transform=&#8220;uppercase&#8220; margin_bottom=&#8220;0&#8243; font_family=&#8220;none&#8220; align=&#8220;center&#8220;]Montage[\/mk_fancy_title][mk_divider style=&#8220;thin_solid&#8220; divider_width=&#8220;custom_width&#8220; custom_width=&#8220;25&#8243; thickness=&#8220;4&#8243; margin_top=&#8220;30&#8243; margin_bottom=&#8220;40&#8243;][vc_row_inner][vc_column_inner width=&#8220;1\/6&#8243;][\/vc_column_inner][vc_column_inner width=&#8220;2\/3&#8243;][vc_column_text css=&#8220;.vc_custom_1542699275617{margin-bottom: 0px !important;}&#8220;]Mit Montageprozessen hat das Unternehmen Nossin FMI jahrelange Erfahrung. In dem vollst\u00e4ndig ausgestatteten [&hellip;]<\/p>\n","protected":false},"author":1,"featured_media":0,"parent":0,"menu_order":0,"comment_status":"open","ping_status":"open","template":"","meta":{"footnotes":""},"class_list":["post-7112","page","type-page","status-publish","hentry"],"yoast_head":"<!-- This site is optimized with the Yoast SEO plugin v26.8 - https:\/\/yoast.com\/product\/yoast-seo-wordpress\/ -->\n<title>Montage - Nossin<\/title>\n<meta name=\"robots\" content=\"index, follow, max-snippet:-1, max-image-preview:large, max-video-preview:-1\" \/>\n<link rel=\"canonical\" href=\"https:\/\/nossin.nl\/de\/montage\/\" \/>\n<meta property=\"og:locale\" content=\"de_DE\" \/>\n<meta property=\"og:type\" content=\"article\" \/>\n<meta property=\"og:title\" content=\"Montage - Nossin\" \/>\n<meta property=\"og:description\" content=\"[mk_page_section bg_image=&#8220;https:\/\/nossin.nl\/wp-content\/uploads\/2018\/07\/nossin021.jpg&#8220; attachment=&#8220;fixed&#8220; bg_position=&#8220;center center&#8220; bg_repeat=&#8220;no-repeat&#8220; bg_stretch=&#8220;true&#8220; enable_3d=&#8220;true&#8220; speed_factor=&#8220;0.5&#8243; video_color_mask=&#8220;#0a0a0a&#8220; video_opacity=&#8220;0.4&#8243; min_height=&#8220;555&#8243; padding_top=&#8220;0&#8243; padding_bottom=&#8220;0&#8243; has_bottom_shape_divider=&#8220;true&#8220; bottom_shape_size=&#8220;small&#8220; sidebar=&#8220;sidebar-1&#8243; first_page=&#8220;false&#8220; last_page=&#8220;false&#8220;][vc_column][\/vc_column][\/mk_page_section][vc_row][vc_column css=&#8220;.vc_custom_1528203673885{padding-top: 40px !important;padding-bottom: 40px !important;}&#8220;][mk_fancy_title tag_name=&#8220;h3&#8243; color=&#8220;#222222&#8243; size=&#8220;28&#8243; font_weight=&#8220;900&#8243; txt_transform=&#8220;uppercase&#8220; margin_bottom=&#8220;0&#8243; font_family=&#8220;none&#8220; align=&#8220;center&#8220;]Montage[\/mk_fancy_title][mk_divider style=&#8220;thin_solid&#8220; divider_width=&#8220;custom_width&#8220; custom_width=&#8220;25&#8243; thickness=&#8220;4&#8243; margin_top=&#8220;30&#8243; margin_bottom=&#8220;40&#8243;][vc_row_inner][vc_column_inner width=&#8220;1\/6&#8243;][\/vc_column_inner][vc_column_inner width=&#8220;2\/3&#8243;][vc_column_text css=&#8220;.vc_custom_1542699275617{margin-bottom: 0px !important;}&#8220;]Mit Montageprozessen hat das Unternehmen Nossin FMI jahrelange Erfahrung. In dem vollst\u00e4ndig ausgestatteten [&hellip;]\" \/>\n<meta property=\"og:url\" content=\"https:\/\/nossin.nl\/de\/montage\/\" \/>\n<meta property=\"og:site_name\" content=\"Nossin\" \/>\n<meta property=\"article:modified_time\" content=\"2018-11-20T11:47:18+00:00\" \/>\n<meta name=\"twitter:card\" content=\"summary_large_image\" \/>\n<meta name=\"twitter:label1\" content=\"Gesch\u00e4tzte Lesezeit\" \/>\n\t<meta name=\"twitter:data1\" content=\"1\u00a0Minute\" \/>\n<script type=\"application\/ld+json\" class=\"yoast-schema-graph\">{\"@context\":\"https:\/\/schema.org\",\"@graph\":[{\"@type\":\"WebPage\",\"@id\":\"https:\/\/nossin.nl\/de\/montage\/\",\"url\":\"https:\/\/nossin.nl\/de\/montage\/\",\"name\":\"Montage - Nossin\",\"isPartOf\":{\"@id\":\"https:\/\/nossin.nl\/#website\"},\"datePublished\":\"2018-11-19T15:49:03+00:00\",\"dateModified\":\"2018-11-20T11:47:18+00:00\",\"breadcrumb\":{\"@id\":\"https:\/\/nossin.nl\/de\/montage\/#breadcrumb\"},\"inLanguage\":\"de\",\"potentialAction\":[{\"@type\":\"ReadAction\",\"target\":[\"https:\/\/nossin.nl\/de\/montage\/\"]}]},{\"@type\":\"BreadcrumbList\",\"@id\":\"https:\/\/nossin.nl\/de\/montage\/#breadcrumb\",\"itemListElement\":[{\"@type\":\"ListItem\",\"position\":1,\"name\":\"Home\",\"item\":\"https:\/\/nossin.nl\/de\/\"},{\"@type\":\"ListItem\",\"position\":2,\"name\":\"Montage\"}]},{\"@type\":\"WebSite\",\"@id\":\"https:\/\/nossin.nl\/#website\",\"url\":\"https:\/\/nossin.nl\/\",\"name\":\"Nossin\",\"description\":\"Vakmanschap, betrouwbaarheid, precisie en kwaliteit, dat is Nossin Fijnmechanische Industrie.\",\"potentialAction\":[{\"@type\":\"SearchAction\",\"target\":{\"@type\":\"EntryPoint\",\"urlTemplate\":\"https:\/\/nossin.nl\/?s={search_term_string}\"},\"query-input\":{\"@type\":\"PropertyValueSpecification\",\"valueRequired\":true,\"valueName\":\"search_term_string\"}}],\"inLanguage\":\"de\"}]}<\/script>\n<!-- \/ Yoast SEO plugin. -->","yoast_head_json":{"title":"Montage - Nossin","robots":{"index":"index","follow":"follow","max-snippet":"max-snippet:-1","max-image-preview":"max-image-preview:large","max-video-preview":"max-video-preview:-1"},"canonical":"https:\/\/nossin.nl\/de\/montage\/","og_locale":"de_DE","og_type":"article","og_title":"Montage - Nossin","og_description":"[mk_page_section bg_image=&#8220;https:\/\/nossin.nl\/wp-content\/uploads\/2018\/07\/nossin021.jpg&#8220; attachment=&#8220;fixed&#8220; bg_position=&#8220;center center&#8220; bg_repeat=&#8220;no-repeat&#8220; bg_stretch=&#8220;true&#8220; enable_3d=&#8220;true&#8220; speed_factor=&#8220;0.5&#8243; video_color_mask=&#8220;#0a0a0a&#8220; video_opacity=&#8220;0.4&#8243; min_height=&#8220;555&#8243; padding_top=&#8220;0&#8243; padding_bottom=&#8220;0&#8243; has_bottom_shape_divider=&#8220;true&#8220; bottom_shape_size=&#8220;small&#8220; sidebar=&#8220;sidebar-1&#8243; first_page=&#8220;false&#8220; last_page=&#8220;false&#8220;][vc_column][\/vc_column][\/mk_page_section][vc_row][vc_column css=&#8220;.vc_custom_1528203673885{padding-top: 40px !important;padding-bottom: 40px !important;}&#8220;][mk_fancy_title tag_name=&#8220;h3&#8243; color=&#8220;#222222&#8243; size=&#8220;28&#8243; font_weight=&#8220;900&#8243; txt_transform=&#8220;uppercase&#8220; margin_bottom=&#8220;0&#8243; font_family=&#8220;none&#8220; align=&#8220;center&#8220;]Montage[\/mk_fancy_title][mk_divider style=&#8220;thin_solid&#8220; divider_width=&#8220;custom_width&#8220; custom_width=&#8220;25&#8243; thickness=&#8220;4&#8243; margin_top=&#8220;30&#8243; margin_bottom=&#8220;40&#8243;][vc_row_inner][vc_column_inner width=&#8220;1\/6&#8243;][\/vc_column_inner][vc_column_inner width=&#8220;2\/3&#8243;][vc_column_text css=&#8220;.vc_custom_1542699275617{margin-bottom: 0px !important;}&#8220;]Mit Montageprozessen hat das Unternehmen Nossin FMI jahrelange Erfahrung. In dem vollst\u00e4ndig ausgestatteten [&hellip;]","og_url":"https:\/\/nossin.nl\/de\/montage\/","og_site_name":"Nossin","article_modified_time":"2018-11-20T11:47:18+00:00","twitter_card":"summary_large_image","twitter_misc":{"Gesch\u00e4tzte Lesezeit":"1\u00a0Minute"},"schema":{"@context":"https:\/\/schema.org","@graph":[{"@type":"WebPage","@id":"https:\/\/nossin.nl\/de\/montage\/","url":"https:\/\/nossin.nl\/de\/montage\/","name":"Montage - Nossin","isPartOf":{"@id":"https:\/\/nossin.nl\/#website"},"datePublished":"2018-11-19T15:49:03+00:00","dateModified":"2018-11-20T11:47:18+00:00","breadcrumb":{"@id":"https:\/\/nossin.nl\/de\/montage\/#breadcrumb"},"inLanguage":"de","potentialAction":[{"@type":"ReadAction","target":["https:\/\/nossin.nl\/de\/montage\/"]}]},{"@type":"BreadcrumbList","@id":"https:\/\/nossin.nl\/de\/montage\/#breadcrumb","itemListElement":[{"@type":"ListItem","position":1,"name":"Home","item":"https:\/\/nossin.nl\/de\/"},{"@type":"ListItem","position":2,"name":"Montage"}]},{"@type":"WebSite","@id":"https:\/\/nossin.nl\/#website","url":"https:\/\/nossin.nl\/","name":"Nossin","description":"Vakmanschap, betrouwbaarheid, precisie en kwaliteit, dat is Nossin Fijnmechanische Industrie.","potentialAction":[{"@type":"SearchAction","target":{"@type":"EntryPoint","urlTemplate":"https:\/\/nossin.nl\/?s={search_term_string}"},"query-input":{"@type":"PropertyValueSpecification","valueRequired":true,"valueName":"search_term_string"}}],"inLanguage":"de"}]}},"_links":{"self":[{"href":"https:\/\/nossin.nl\/de\/wp-json\/wp\/v2\/pages\/7112","targetHints":{"allow":["GET"]}}],"collection":[{"href":"https:\/\/nossin.nl\/de\/wp-json\/wp\/v2\/pages"}],"about":[{"href":"https:\/\/nossin.nl\/de\/wp-json\/wp\/v2\/types\/page"}],"author":[{"embeddable":true,"href":"https:\/\/nossin.nl\/de\/wp-json\/wp\/v2\/users\/1"}],"replies":[{"embeddable":true,"href":"https:\/\/nossin.nl\/de\/wp-json\/wp\/v2\/comments?post=7112"}],"version-history":[{"count":5,"href":"https:\/\/nossin.nl\/de\/wp-json\/wp\/v2\/pages\/7112\/revisions"}],"predecessor-version":[{"id":7210,"href":"https:\/\/nossin.nl\/de\/wp-json\/wp\/v2\/pages\/7112\/revisions\/7210"}],"wp:attachment":[{"href":"https:\/\/nossin.nl\/de\/wp-json\/wp\/v2\/media?parent=7112"}],"curies":[{"name":"wp","href":"https:\/\/api.w.org\/{rel}","templated":true}]}}