{"id":7137,"date":"2018-11-20T08:42:46","date_gmt":"2018-11-20T07:42:46","guid":{"rendered":"https:\/\/nossin.nl\/?page_id=7137"},"modified":"2018-11-20T12:46:18","modified_gmt":"2018-11-20T11:46:18","slug":"dreh-fras-kombination","status":"publish","type":"page","link":"https:\/\/nossin.nl\/de\/dreh-fras-kombination\/","title":{"rendered":"DREH-FR\u00c4S Kombination"},"content":{"rendered":"<div class=\"wpb-content-wrapper\">[mk_page_section bg_image=&#8220;https:\/\/nossin.nl\/wp-content\/uploads\/2018\/07\/nossin-draai-freescombinatie.jpg&#8220; attachment=&#8220;fixed&#8220; bg_position=&#8220;center center&#8220; bg_repeat=&#8220;no-repeat&#8220; bg_stretch=&#8220;true&#8220; enable_3d=&#8220;true&#8220; speed_factor=&#8220;0.5&#8243; video_color_mask=&#8220;#0a0a0a&#8220; video_opacity=&#8220;0.4&#8243; min_height=&#8220;555&#8243; padding_top=&#8220;0&#8243; padding_bottom=&#8220;0&#8243; has_bottom_shape_divider=&#8220;true&#8220; bottom_shape_size=&#8220;small&#8220; bottom_shape_color=&#8220;#ffffff&#8220; sidebar=&#8220;sidebar-1&#8243; first_page=&#8220;false&#8220; last_page=&#8220;false&#8220;][vc_column][\/vc_column][\/mk_page_section][vc_row][vc_column css=&#8220;.vc_custom_1528203703274{padding-top: 40px !important;padding-bottom: 40px !important;}&#8220;][mk_fancy_title tag_name=&#8220;h3&#8243; color=&#8220;#222222&#8243; size=&#8220;28&#8243; font_weight=&#8220;900&#8243; txt_transform=&#8220;uppercase&#8220; margin_bottom=&#8220;0&#8243; font_family=&#8220;none&#8220; align=&#8220;center&#8220;]DREH-FR\u00c4S Kombination[\/mk_fancy_title][mk_divider style=&#8220;thin_solid&#8220; divider_width=&#8220;custom_width&#8220; custom_width=&#8220;25&#8243; thickness=&#8220;4&#8243; margin_top=&#8220;30&#8243; margin_bottom=&#8220;40&#8243;][vc_row_inner][vc_column_inner][vc_column_text css=&#8220;.vc_custom_1542699742761{margin-bottom: 0px !important;}&#8220;]Um sehr spezifische Produkte so wirksam und genau m\u00f6glich zu fabrizieren, besitzt Nossin FMI seit 2018 ein Okuma Multus U3000. Diese Maschine kombiniert fr\u00e4sen und drehen in eins.<\/p>\n<p>Fr\u00e4sen geschieht durch einen 5-achsenspindel mit HKS aufnahme f\u00fcr sowohl Fr\u00e4s- wie Drehhalters. Darunter befindet sic hein synchroon bewegendes Drehturret. Man hat einen Haubt- und Nebenspindel wodurch das Product in einer Bearbeitung produziert werden kann. Gleichzeitig hat die Maschine einen Staff anfl\u00fcsse und Product abfl\u00fcsse mittels ein Robot. Dieser Robot kan Spannzange wechseln wodurch wir flexibel verschiedene Produkten abwechselnd und unbemand produzieren k\u00f6nnen.[\/vc_column_text][\/vc_column_inner][\/vc_row_inner][\/vc_column][\/vc_row][vc_row][vc_column][mk_padding_divider][\/vc_column][\/vc_row][vc_row fullwidth=&#8220;true&#8220; attached=&#8220;true&#8220; padding=&#8220;0&#8243;][vc_column][mk_button dimension=&#8220;flat&#8220; size=&#8220;xx-large&#8220; icon=&#8220;mk-moon-bubble-dots-2&#8243; url=&#8220;\/de\/stellenangebote\/&#8220; align=&#8220;center&#8220; fullwidth=&#8220;true&#8220; margin_bottom=&#8220;0&#8243; bg_color=&#8220;#392672&#8243; btn_hover_bg=&#8220;#131413&#8243; btn_hover_txt_color=&#8220;#ffffff&#8220;]Sehen Sie sich unsere offenen Stellen an[\/mk_button][\/vc_column][\/vc_row]\n<\/div>","protected":false},"excerpt":{"rendered":"<p>[mk_page_section bg_image=&#8220;https:\/\/nossin.nl\/wp-content\/uploads\/2018\/07\/nossin-draai-freescombinatie.jpg&#8220; attachment=&#8220;fixed&#8220; bg_position=&#8220;center center&#8220; bg_repeat=&#8220;no-repeat&#8220; bg_stretch=&#8220;true&#8220; enable_3d=&#8220;true&#8220; speed_factor=&#8220;0.5&#8243; video_color_mask=&#8220;#0a0a0a&#8220; video_opacity=&#8220;0.4&#8243; min_height=&#8220;555&#8243; padding_top=&#8220;0&#8243; padding_bottom=&#8220;0&#8243; has_bottom_shape_divider=&#8220;true&#8220; bottom_shape_size=&#8220;small&#8220; bottom_shape_color=&#8220;#ffffff&#8220; sidebar=&#8220;sidebar-1&#8243; first_page=&#8220;false&#8220; last_page=&#8220;false&#8220;][vc_column][\/vc_column][\/mk_page_section][vc_row][vc_column css=&#8220;.vc_custom_1528203703274{padding-top: 40px !important;padding-bottom: 40px !important;}&#8220;][mk_fancy_title tag_name=&#8220;h3&#8243; color=&#8220;#222222&#8243; size=&#8220;28&#8243; font_weight=&#8220;900&#8243; txt_transform=&#8220;uppercase&#8220; margin_bottom=&#8220;0&#8243; font_family=&#8220;none&#8220; align=&#8220;center&#8220;]DREH-FR\u00c4S Kombination[\/mk_fancy_title][mk_divider style=&#8220;thin_solid&#8220; divider_width=&#8220;custom_width&#8220; custom_width=&#8220;25&#8243; thickness=&#8220;4&#8243; margin_top=&#8220;30&#8243; margin_bottom=&#8220;40&#8243;][vc_row_inner][vc_column_inner][vc_column_text css=&#8220;.vc_custom_1542699742761{margin-bottom: 0px !important;}&#8220;]Um sehr spezifische Produkte so wirksam und genau m\u00f6glich zu fabrizieren, besitzt Nossin [&hellip;]<\/p>\n","protected":false},"author":1,"featured_media":0,"parent":0,"menu_order":0,"comment_status":"open","ping_status":"open","template":"","meta":{"footnotes":""},"class_list":["post-7137","page","type-page","status-publish","hentry"],"yoast_head":"<!-- This site is optimized with the Yoast SEO plugin v26.8 - https:\/\/yoast.com\/product\/yoast-seo-wordpress\/ -->\n<title>DREH-FR\u00c4S Kombination - Nossin<\/title>\n<meta name=\"robots\" content=\"index, follow, max-snippet:-1, max-image-preview:large, max-video-preview:-1\" \/>\n<link rel=\"canonical\" href=\"https:\/\/nossin.nl\/de\/dreh-fras-kombination\/\" \/>\n<meta property=\"og:locale\" content=\"de_DE\" \/>\n<meta property=\"og:type\" content=\"article\" \/>\n<meta property=\"og:title\" content=\"DREH-FR\u00c4S Kombination - Nossin\" \/>\n<meta property=\"og:description\" content=\"[mk_page_section bg_image=&#8220;https:\/\/nossin.nl\/wp-content\/uploads\/2018\/07\/nossin-draai-freescombinatie.jpg&#8220; attachment=&#8220;fixed&#8220; bg_position=&#8220;center center&#8220; bg_repeat=&#8220;no-repeat&#8220; bg_stretch=&#8220;true&#8220; enable_3d=&#8220;true&#8220; speed_factor=&#8220;0.5&#8243; video_color_mask=&#8220;#0a0a0a&#8220; video_opacity=&#8220;0.4&#8243; min_height=&#8220;555&#8243; padding_top=&#8220;0&#8243; padding_bottom=&#8220;0&#8243; has_bottom_shape_divider=&#8220;true&#8220; bottom_shape_size=&#8220;small&#8220; bottom_shape_color=&#8220;#ffffff&#8220; sidebar=&#8220;sidebar-1&#8243; first_page=&#8220;false&#8220; last_page=&#8220;false&#8220;][vc_column][\/vc_column][\/mk_page_section][vc_row][vc_column css=&#8220;.vc_custom_1528203703274{padding-top: 40px !important;padding-bottom: 40px !important;}&#8220;][mk_fancy_title tag_name=&#8220;h3&#8243; color=&#8220;#222222&#8243; size=&#8220;28&#8243; font_weight=&#8220;900&#8243; txt_transform=&#8220;uppercase&#8220; margin_bottom=&#8220;0&#8243; font_family=&#8220;none&#8220; align=&#8220;center&#8220;]DREH-FR\u00c4S Kombination[\/mk_fancy_title][mk_divider style=&#8220;thin_solid&#8220; divider_width=&#8220;custom_width&#8220; custom_width=&#8220;25&#8243; thickness=&#8220;4&#8243; margin_top=&#8220;30&#8243; margin_bottom=&#8220;40&#8243;][vc_row_inner][vc_column_inner][vc_column_text css=&#8220;.vc_custom_1542699742761{margin-bottom: 0px !important;}&#8220;]Um sehr spezifische Produkte so wirksam und genau m\u00f6glich zu fabrizieren, besitzt Nossin [&hellip;]\" \/>\n<meta property=\"og:url\" content=\"https:\/\/nossin.nl\/de\/dreh-fras-kombination\/\" \/>\n<meta property=\"og:site_name\" content=\"Nossin\" \/>\n<meta property=\"article:modified_time\" content=\"2018-11-20T11:46:18+00:00\" \/>\n<meta name=\"twitter:card\" content=\"summary_large_image\" \/>\n<meta name=\"twitter:label1\" content=\"Gesch\u00e4tzte Lesezeit\" \/>\n\t<meta name=\"twitter:data1\" content=\"2\u00a0Minuten\" \/>\n<script type=\"application\/ld+json\" class=\"yoast-schema-graph\">{\"@context\":\"https:\/\/schema.org\",\"@graph\":[{\"@type\":\"WebPage\",\"@id\":\"https:\/\/nossin.nl\/de\/dreh-fras-kombination\/\",\"url\":\"https:\/\/nossin.nl\/de\/dreh-fras-kombination\/\",\"name\":\"DREH-FR\u00c4S Kombination - Nossin\",\"isPartOf\":{\"@id\":\"https:\/\/nossin.nl\/#website\"},\"datePublished\":\"2018-11-20T07:42:46+00:00\",\"dateModified\":\"2018-11-20T11:46:18+00:00\",\"breadcrumb\":{\"@id\":\"https:\/\/nossin.nl\/de\/dreh-fras-kombination\/#breadcrumb\"},\"inLanguage\":\"de\",\"potentialAction\":[{\"@type\":\"ReadAction\",\"target\":[\"https:\/\/nossin.nl\/de\/dreh-fras-kombination\/\"]}]},{\"@type\":\"BreadcrumbList\",\"@id\":\"https:\/\/nossin.nl\/de\/dreh-fras-kombination\/#breadcrumb\",\"itemListElement\":[{\"@type\":\"ListItem\",\"position\":1,\"name\":\"Home\",\"item\":\"https:\/\/nossin.nl\/de\/\"},{\"@type\":\"ListItem\",\"position\":2,\"name\":\"DREH-FR\u00c4S Kombination\"}]},{\"@type\":\"WebSite\",\"@id\":\"https:\/\/nossin.nl\/#website\",\"url\":\"https:\/\/nossin.nl\/\",\"name\":\"Nossin\",\"description\":\"Vakmanschap, betrouwbaarheid, precisie en kwaliteit, dat is Nossin Fijnmechanische Industrie.\",\"potentialAction\":[{\"@type\":\"SearchAction\",\"target\":{\"@type\":\"EntryPoint\",\"urlTemplate\":\"https:\/\/nossin.nl\/?s={search_term_string}\"},\"query-input\":{\"@type\":\"PropertyValueSpecification\",\"valueRequired\":true,\"valueName\":\"search_term_string\"}}],\"inLanguage\":\"de\"}]}<\/script>\n<!-- \/ Yoast SEO plugin. -->","yoast_head_json":{"title":"DREH-FR\u00c4S Kombination - Nossin","robots":{"index":"index","follow":"follow","max-snippet":"max-snippet:-1","max-image-preview":"max-image-preview:large","max-video-preview":"max-video-preview:-1"},"canonical":"https:\/\/nossin.nl\/de\/dreh-fras-kombination\/","og_locale":"de_DE","og_type":"article","og_title":"DREH-FR\u00c4S Kombination - Nossin","og_description":"[mk_page_section bg_image=&#8220;https:\/\/nossin.nl\/wp-content\/uploads\/2018\/07\/nossin-draai-freescombinatie.jpg&#8220; attachment=&#8220;fixed&#8220; bg_position=&#8220;center center&#8220; bg_repeat=&#8220;no-repeat&#8220; bg_stretch=&#8220;true&#8220; enable_3d=&#8220;true&#8220; speed_factor=&#8220;0.5&#8243; video_color_mask=&#8220;#0a0a0a&#8220; video_opacity=&#8220;0.4&#8243; min_height=&#8220;555&#8243; padding_top=&#8220;0&#8243; padding_bottom=&#8220;0&#8243; has_bottom_shape_divider=&#8220;true&#8220; bottom_shape_size=&#8220;small&#8220; bottom_shape_color=&#8220;#ffffff&#8220; sidebar=&#8220;sidebar-1&#8243; first_page=&#8220;false&#8220; last_page=&#8220;false&#8220;][vc_column][\/vc_column][\/mk_page_section][vc_row][vc_column css=&#8220;.vc_custom_1528203703274{padding-top: 40px !important;padding-bottom: 40px !important;}&#8220;][mk_fancy_title tag_name=&#8220;h3&#8243; color=&#8220;#222222&#8243; size=&#8220;28&#8243; font_weight=&#8220;900&#8243; txt_transform=&#8220;uppercase&#8220; margin_bottom=&#8220;0&#8243; font_family=&#8220;none&#8220; align=&#8220;center&#8220;]DREH-FR\u00c4S Kombination[\/mk_fancy_title][mk_divider style=&#8220;thin_solid&#8220; divider_width=&#8220;custom_width&#8220; custom_width=&#8220;25&#8243; thickness=&#8220;4&#8243; margin_top=&#8220;30&#8243; margin_bottom=&#8220;40&#8243;][vc_row_inner][vc_column_inner][vc_column_text css=&#8220;.vc_custom_1542699742761{margin-bottom: 0px !important;}&#8220;]Um sehr spezifische Produkte so wirksam und genau m\u00f6glich zu fabrizieren, besitzt Nossin [&hellip;]","og_url":"https:\/\/nossin.nl\/de\/dreh-fras-kombination\/","og_site_name":"Nossin","article_modified_time":"2018-11-20T11:46:18+00:00","twitter_card":"summary_large_image","twitter_misc":{"Gesch\u00e4tzte Lesezeit":"2\u00a0Minuten"},"schema":{"@context":"https:\/\/schema.org","@graph":[{"@type":"WebPage","@id":"https:\/\/nossin.nl\/de\/dreh-fras-kombination\/","url":"https:\/\/nossin.nl\/de\/dreh-fras-kombination\/","name":"DREH-FR\u00c4S Kombination - Nossin","isPartOf":{"@id":"https:\/\/nossin.nl\/#website"},"datePublished":"2018-11-20T07:42:46+00:00","dateModified":"2018-11-20T11:46:18+00:00","breadcrumb":{"@id":"https:\/\/nossin.nl\/de\/dreh-fras-kombination\/#breadcrumb"},"inLanguage":"de","potentialAction":[{"@type":"ReadAction","target":["https:\/\/nossin.nl\/de\/dreh-fras-kombination\/"]}]},{"@type":"BreadcrumbList","@id":"https:\/\/nossin.nl\/de\/dreh-fras-kombination\/#breadcrumb","itemListElement":[{"@type":"ListItem","position":1,"name":"Home","item":"https:\/\/nossin.nl\/de\/"},{"@type":"ListItem","position":2,"name":"DREH-FR\u00c4S Kombination"}]},{"@type":"WebSite","@id":"https:\/\/nossin.nl\/#website","url":"https:\/\/nossin.nl\/","name":"Nossin","description":"Vakmanschap, betrouwbaarheid, precisie en kwaliteit, dat is Nossin Fijnmechanische Industrie.","potentialAction":[{"@type":"SearchAction","target":{"@type":"EntryPoint","urlTemplate":"https:\/\/nossin.nl\/?s={search_term_string}"},"query-input":{"@type":"PropertyValueSpecification","valueRequired":true,"valueName":"search_term_string"}}],"inLanguage":"de"}]}},"_links":{"self":[{"href":"https:\/\/nossin.nl\/de\/wp-json\/wp\/v2\/pages\/7137","targetHints":{"allow":["GET"]}}],"collection":[{"href":"https:\/\/nossin.nl\/de\/wp-json\/wp\/v2\/pages"}],"about":[{"href":"https:\/\/nossin.nl\/de\/wp-json\/wp\/v2\/types\/page"}],"author":[{"embeddable":true,"href":"https:\/\/nossin.nl\/de\/wp-json\/wp\/v2\/users\/1"}],"replies":[{"embeddable":true,"href":"https:\/\/nossin.nl\/de\/wp-json\/wp\/v2\/comments?post=7137"}],"version-history":[{"count":4,"href":"https:\/\/nossin.nl\/de\/wp-json\/wp\/v2\/pages\/7137\/revisions"}],"predecessor-version":[{"id":7208,"href":"https:\/\/nossin.nl\/de\/wp-json\/wp\/v2\/pages\/7137\/revisions\/7208"}],"wp:attachment":[{"href":"https:\/\/nossin.nl\/de\/wp-json\/wp\/v2\/media?parent=7137"}],"curies":[{"name":"wp","href":"https:\/\/api.w.org\/{rel}","templated":true}]}}