{"id":7223,"date":"2018-11-23T16:52:09","date_gmt":"2018-11-23T15:52:09","guid":{"rendered":"https:\/\/nossin.nl\/?page_id=7223"},"modified":"2018-11-23T17:01:02","modified_gmt":"2018-11-23T16:01:02","slug":"disziplinen","status":"publish","type":"page","link":"https:\/\/nossin.nl\/de\/disziplinen\/","title":{"rendered":"Disziplinen"},"content":{"rendered":"<div class=\"wpb-content-wrapper\">[mk_page_section bg_position=&#8220;center center&#8220; bg_repeat=&#8220;no-repeat&#8220; bg_stretch=&#8220;true&#8220; enable_3d=&#8220;true&#8220; speed_factor=&#8220;0.5&#8243; video_color_mask=&#8220;#392672&#8243; video_opacity=&#8220;1&#8243; full_width=&#8220;true&#8220; js_vertical_centered=&#8220;true&#8220; padding_top=&#8220;0&#8243; padding_bottom=&#8220;0&#8243; bottom_shape_size=&#8220;small&#8220; sidebar=&#8220;sidebar-1&#8243; first_page=&#8220;false&#8220; last_page=&#8220;false&#8220;][vc_column][\/vc_column][\/mk_page_section][vc_row fullwidth=&#8220;true&#8220; fullwidth_content=&#8220;false&#8220; equal_columns=&#8220;true&#8220; el_class=&#8220;rijinslider&#8220;][vc_column css=&#8220;.vc_custom_1542986893058{padding-top: 40px !important;}&#8220;][mk_fancy_title color=&#8220;#0a0a0a&#8220; size=&#8220;28&#8243; font_weight=&#8220;900&#8243; txt_transform=&#8220;uppercase&#8220; margin_bottom=&#8220;0&#8243; font_family=&#8220;none&#8220; align=&#8220;center&#8220;]Disziplinen[\/mk_fancy_title][mk_divider style=&#8220;thin_solid&#8220; divider_width=&#8220;custom_width&#8220; custom_width=&#8220;25&#8243; thickness=&#8220;4&#8243; margin_top=&#8220;30&#8243; margin_bottom=&#8220;40&#8243;][vc_row_inner column_padding=&#8220;4&#8243; padding=&#8220;3&#8243; css=&#8220;.vc_custom_1531404656144{padding-top: 3px !important;padding-right: 3px !important;padding-bottom: 3px !important;padding-left: 3px !important;}&#8220;][vc_column_inner width=&#8220;1\/4&#8243;][mk_icon_box2 icon_type=&#8220;image&#8220; icon_size=&#8220;inherit&#8220; icon_image=&#8220;https:\/\/nossin.nl\/wp-content\/uploads\/2018\/11\/dscf2423-22.jpg&#8220; title=&#8220;FR\u00c4SEN&#8220; title_size=&#8220;18&#8243; title_weight=&#8220;bolder&#8220; title_color=&#8220;#342a7b&#8220; title_top_padding=&#8220;20&#8243; title_bottom_padding=&#8220;20&#8243; align=&#8220;left&#8220; animation=&#8220;fade-in&#8220;]Im Bereich von fr\u00e4sen ist Nossin FMI progressiv in das sehr genau bearbeiten von aluminium Materialien. Hiermit k\u00f6nnen Sie denken an Seriengr\u00f6\u00dfe von 5 bis 1000 St\u00fcck.[\/mk_icon_box2][mk_padding_divider size=&#8220;25&#8243;][mk_button url=&#8220;https:\/\/nossin.nl\/de\/frasen\/&#8220;]Mehr Informationen[\/mk_button][\/vc_column_inner][vc_column_inner width=&#8220;1\/4&#8243;][mk_icon_box2 icon_type=&#8220;image&#8220; icon_size=&#8220;inherit&#8220; icon_image=&#8220;https:\/\/nossin.nl\/wp-content\/uploads\/2018\/11\/nos_21233-vp.jpg&#8220; title=&#8220;DREHEN&#8220; title_size=&#8220;18&#8243; title_weight=&#8220;bolder&#8220; title_color=&#8220;#342a7b&#8220; title_top_padding=&#8220;20&#8243; title_bottom_padding=&#8220;20&#8243; align=&#8220;left&#8220; animation=&#8220;fade-in&#8220;]\n<div id=\"mk-icon-box-8\" class=\"mk-box-icon-2   box-align-left  mk-animate-element fade-in  mk-in-viewport\">\n<p class=\"mk-box-icon-2-content\">Um Kunden ein kompletes Packet bieten zu k\u00f6nnen, ist sowie auf dreh als auf fr\u00e4s Gebiet der Fokus gelegt auf 24 Stunden Produktion und auf Unterteilen die ein wiederholtes Charakter haben.<\/p>\n<\/div>\n[\/mk_icon_box2][mk_padding_divider size=&#8220;25&#8243;][mk_button url=&#8220;https:\/\/nossin.nl\/de\/drehen\/&#8220;]Mehr Informationen[\/mk_button][\/vc_column_inner][vc_column_inner width=&#8220;1\/4&#8243;][mk_icon_box2 icon_type=&#8220;image&#8220; icon_size=&#8220;inherit&#8220; icon_image=&#8220;https:\/\/nossin.nl\/wp-content\/uploads\/2018\/11\/draai-frees-combinatie-frontpage.jpg&#8220; title=&#8220;DREH-FR\u00c4S KOMBINATION&#8220; title_size=&#8220;18&#8243; title_weight=&#8220;bolder&#8220; title_color=&#8220;#342a7b&#8220; title_top_padding=&#8220;20&#8243; title_bottom_padding=&#8220;20&#8243; align=&#8220;left&#8220; animation=&#8220;fade-in&#8220;]\n<div id=\"mk-icon-box-10\" class=\"mk-box-icon-2   box-align-left  mk-animate-element fade-in  mk-in-viewport\">\n<p class=\"mk-box-icon-2-content\">Um sehr spezifische Produkte so wirksam und genau m\u00f6glich zu fabrizieren, besitzt Nossin FMI seit 2018 ein Okuma Multus U3000. Diese Maschine kombiniert fr\u00e4sen und drehen in eins.<\/p>\n<\/div>\n[\/mk_icon_box2][mk_button url=&#8220;https:\/\/nossin.nl\/de\/dreh-fras-kombination\/&#8220;]Mehr Informationen[\/mk_button][\/vc_column_inner][vc_column_inner width=&#8220;1\/4&#8243;][mk_icon_box2 icon_type=&#8220;image&#8220; icon_size=&#8220;inherit&#8220; icon_image=&#8220;https:\/\/nossin.nl\/wp-content\/uploads\/2018\/11\/cba_14512-vp.jpg&#8220; title=&#8220;CLEANROOM EINRICHTUNG&#8220; title_size=&#8220;18&#8243; title_weight=&#8220;bolder&#8220; title_color=&#8220;#342a7b&#8220; title_top_padding=&#8220;20&#8243; title_bottom_padding=&#8220;20&#8243; align=&#8220;left&#8220; animation=&#8220;fade-in&#8220;]\n<div id=\"mk-icon-box-12\" class=\"mk-box-icon-2   box-align-left  mk-animate-element fade-in  mk-in-viewport\">\n<p class=\"mk-box-icon-2-content\">Nossin FMI hat seit Anfangs 2011 die Verf\u00fcgung \u00fcber einen Cleanroom Abteilung. Hier k\u00f6nnen Cleanroom Produkte in einen Klasse 7 Umgebung gereinigt und verpackt werden.<\/p>\n<\/div>\n[\/mk_icon_box2][mk_button url=&#8220;https:\/\/nossin.nl\/de\/reinraumtechnik\/&#8220;]Mehr Informationen[\/mk_button][\/vc_column_inner][\/vc_row_inner][\/vc_column][\/vc_row][mk_page_section video_opacity=&#8220;0.8&#8243; min_height=&#8220;450&#8243; js_vertical_centered=&#8220;true&#8220; padding_top=&#8220;100&#8243; padding_bottom=&#8220;100&#8243; top_shape_size=&#8220;small&#8220; bottom_shape_size=&#8220;small&#8220; sidebar=&#8220;sidebar-1&#8243; first_page=&#8220;false&#8220; last_page=&#8220;false&#8220;][vc_column width=&#8220;1\/3&#8243;][mk_icon_box2 icon_type=&#8220;image&#8220; icon_size=&#8220;inherit&#8220; icon_image=&#8220;https:\/\/nossin.nl\/wp-content\/uploads\/2018\/07\/nossin-assembleren.jpg&#8220; title=&#8220;MONTAGE&#8220; title_size=&#8220;18&#8243; title_weight=&#8220;bolder&#8220; title_color=&#8220;#342a7b&#8220; title_top_padding=&#8220;20&#8243; title_bottom_padding=&#8220;20&#8243; description_color=&#8220;#666666&#8243; align=&#8220;left&#8220; animation=&#8220;fade-in&#8220;]\n<div id=\"mk-icon-box-17\" class=\"mk-box-icon-2   box-align-left  mk-animate-element fade-in  mk-in-viewport\">\n<p class=\"mk-box-icon-2-content\">Assemblieren ist ein Prozes womit Nossin FMI schon lange Erfarung hat. Mit ein v\u00f6llig eingerichtete Assemblierraum ist es m\u00f6glich fabrizierte Produkten bis Module zu assemblieren.<\/p>\n<\/div>\n[\/mk_icon_box2][mk_button url=&#8220;https:\/\/nossin.nl\/de\/montage\/&#8220;]Mehr Informationen[\/mk_button][\/vc_column][vc_column width=&#8220;1\/3&#8243;][mk_icon_box2 icon_type=&#8220;image&#8220; icon_size=&#8220;inherit&#8220; icon_image=&#8220;https:\/\/nossin.nl\/wp-content\/uploads\/2018\/11\/nos_213111.jpg&#8220; title=&#8220;KONTROLLE&#8220; title_size=&#8220;18&#8243; title_weight=&#8220;bolder&#8220; title_color=&#8220;#342a7b&#8220; title_top_padding=&#8220;20&#8243; title_bottom_padding=&#8220;20&#8243; description_color=&#8220;#666666&#8243; align=&#8220;left&#8220; animation=&#8220;fade-in&#8220;]\n<div id=\"mk-icon-box-20\" class=\"mk-box-icon-2   box-align-left  mk-animate-element fade-in  mk-in-viewport\">\n<p class=\"mk-box-icon-2-content\">Der sehr ausgebreite Me\u00dfkammer mit einem 3D Zeiss Contura G2 Messmaschine sorgt da\u00df Nossin FMI auch tats\u00e4chlich liefert was vereinbart ist.<\/p>\n<\/div>\n[\/mk_icon_box2][mk_padding_divider size=&#8220;25&#8243;][mk_button url=&#8220;https:\/\/nossin.nl\/de\/kontrolle\/&#8220;]Mehr Informationen[\/mk_button][\/vc_column][vc_column width=&#8220;1\/3&#8243;][mk_icon_box2 icon_type=&#8220;image&#8220; icon_size=&#8220;inherit&#8220; icon_image=&#8220;https:\/\/nossin.nl\/wp-content\/uploads\/2018\/11\/dscf2425-211.jpg&#8220; title=&#8220;VERSCHIEDENE BEARBEITUNGEN&#8220; title_size=&#8220;18&#8243; title_weight=&#8220;bolder&#8220; title_color=&#8220;#342a7b&#8220; title_top_padding=&#8220;20&#8243; title_bottom_padding=&#8220;20&#8243; description_color=&#8220;#666666&#8243; align=&#8220;left&#8220; animation=&#8220;fade-in&#8220;]\n<div id=\"mk-icon-box-24\" class=\"mk-box-icon-2   box-align-left  mk-animate-element fade-in  mk-in-viewport\">\n<p class=\"mk-box-icon-2-content\">Nossin FMI hat die M\u00f6glichkeit zu verschiedene nebenbearbeitungen, worunter das s\u00e4gen von Materialien mit u.a. einen Doall vollautomatischer Bands\u00e4gemaschine.<\/p>\n<\/div>\n[\/mk_icon_box2][mk_button url=&#8220;https:\/\/nossin.nl\/de\/diverse-bearbeitungen\/&#8220;]Mehr Informationen[\/mk_button][\/vc_column][\/mk_page_section][vc_row fullwidth=&#8220;true&#8220; attached=&#8220;true&#8220;][vc_column][mk_button dimension=&#8220;flat&#8220; size=&#8220;xx-large&#8220; icon=&#8220;mk-moon-bubble-dots-2&#8243; url=&#8220;https:\/\/nossin.nl\/de\/stellenangebote\/&#8220; fullwidth=&#8220;true&#8220; margin_bottom=&#8220;0&#8243; bg_color=&#8220;#342a7b&#8220; btn_hover_bg=&#8220;#131413&#8243; btn_hover_txt_color=&#8220;#ffffff&#8220;]Sehen Sie sich unsere offenen Stellen an[\/mk_button][\/vc_column][\/vc_row][vc_row][vc_column][vc_column_text]\n[\/vc_column_text][\/vc_column][\/vc_row]\n<\/div>","protected":false},"excerpt":{"rendered":"<p>[mk_page_section bg_position=&#8220;center center&#8220; bg_repeat=&#8220;no-repeat&#8220; bg_stretch=&#8220;true&#8220; enable_3d=&#8220;true&#8220; speed_factor=&#8220;0.5&#8243; video_color_mask=&#8220;#392672&#8243; video_opacity=&#8220;1&#8243; full_width=&#8220;true&#8220; js_vertical_centered=&#8220;true&#8220; padding_top=&#8220;0&#8243; padding_bottom=&#8220;0&#8243; bottom_shape_size=&#8220;small&#8220; sidebar=&#8220;sidebar-1&#8243; first_page=&#8220;false&#8220; last_page=&#8220;false&#8220;][vc_column][\/vc_column][\/mk_page_section][vc_row fullwidth=&#8220;true&#8220; fullwidth_content=&#8220;false&#8220; equal_columns=&#8220;true&#8220; el_class=&#8220;rijinslider&#8220;][vc_column css=&#8220;.vc_custom_1542986893058{padding-top: 40px !important;}&#8220;][mk_fancy_title color=&#8220;#0a0a0a&#8220; size=&#8220;28&#8243; font_weight=&#8220;900&#8243; txt_transform=&#8220;uppercase&#8220; margin_bottom=&#8220;0&#8243; font_family=&#8220;none&#8220; align=&#8220;center&#8220;]Disziplinen[\/mk_fancy_title][mk_divider style=&#8220;thin_solid&#8220; divider_width=&#8220;custom_width&#8220; custom_width=&#8220;25&#8243; thickness=&#8220;4&#8243; margin_top=&#8220;30&#8243; margin_bottom=&#8220;40&#8243;][vc_row_inner column_padding=&#8220;4&#8243; padding=&#8220;3&#8243; css=&#8220;.vc_custom_1531404656144{padding-top: 3px !important;padding-right: 3px !important;padding-bottom: 3px !important;padding-left: 3px !important;}&#8220;][vc_column_inner width=&#8220;1\/4&#8243;][mk_icon_box2 icon_type=&#8220;image&#8220; icon_size=&#8220;inherit&#8220; icon_image=&#8220;https:\/\/nossin.nl\/wp-content\/uploads\/2018\/11\/dscf2423-22.jpg&#8220; title=&#8220;FR\u00c4SEN&#8220; title_size=&#8220;18&#8243; title_weight=&#8220;bolder&#8220; [&hellip;]<\/p>\n","protected":false},"author":1,"featured_media":0,"parent":0,"menu_order":0,"comment_status":"open","ping_status":"open","template":"","meta":{"footnotes":""},"class_list":["post-7223","page","type-page","status-publish","hentry"],"yoast_head":"<!-- This site is optimized with the Yoast SEO plugin v26.8 - https:\/\/yoast.com\/product\/yoast-seo-wordpress\/ -->\n<title>Disziplinen - Nossin<\/title>\n<meta name=\"robots\" content=\"index, follow, max-snippet:-1, max-image-preview:large, max-video-preview:-1\" \/>\n<link rel=\"canonical\" href=\"https:\/\/nossin.nl\/de\/disziplinen\/\" \/>\n<meta property=\"og:locale\" content=\"de_DE\" \/>\n<meta property=\"og:type\" content=\"article\" \/>\n<meta property=\"og:title\" content=\"Disziplinen - Nossin\" \/>\n<meta property=\"og:description\" content=\"[mk_page_section bg_position=&#8220;center center&#8220; bg_repeat=&#8220;no-repeat&#8220; bg_stretch=&#8220;true&#8220; enable_3d=&#8220;true&#8220; speed_factor=&#8220;0.5&#8243; video_color_mask=&#8220;#392672&#8243; video_opacity=&#8220;1&#8243; full_width=&#8220;true&#8220; js_vertical_centered=&#8220;true&#8220; padding_top=&#8220;0&#8243; padding_bottom=&#8220;0&#8243; bottom_shape_size=&#8220;small&#8220; sidebar=&#8220;sidebar-1&#8243; first_page=&#8220;false&#8220; last_page=&#8220;false&#8220;][vc_column][\/vc_column][\/mk_page_section][vc_row fullwidth=&#8220;true&#8220; fullwidth_content=&#8220;false&#8220; equal_columns=&#8220;true&#8220; el_class=&#8220;rijinslider&#8220;][vc_column css=&#8220;.vc_custom_1542986893058{padding-top: 40px !important;}&#8220;][mk_fancy_title color=&#8220;#0a0a0a&#8220; size=&#8220;28&#8243; font_weight=&#8220;900&#8243; txt_transform=&#8220;uppercase&#8220; margin_bottom=&#8220;0&#8243; font_family=&#8220;none&#8220; align=&#8220;center&#8220;]Disziplinen[\/mk_fancy_title][mk_divider style=&#8220;thin_solid&#8220; divider_width=&#8220;custom_width&#8220; custom_width=&#8220;25&#8243; thickness=&#8220;4&#8243; margin_top=&#8220;30&#8243; margin_bottom=&#8220;40&#8243;][vc_row_inner column_padding=&#8220;4&#8243; padding=&#8220;3&#8243; css=&#8220;.vc_custom_1531404656144{padding-top: 3px !important;padding-right: 3px !important;padding-bottom: 3px !important;padding-left: 3px !important;}&#8220;][vc_column_inner width=&#8220;1\/4&#8243;][mk_icon_box2 icon_type=&#8220;image&#8220; icon_size=&#8220;inherit&#8220; icon_image=&#8220;https:\/\/nossin.nl\/wp-content\/uploads\/2018\/11\/dscf2423-22.jpg&#8220; title=&#8220;FR\u00c4SEN&#8220; title_size=&#8220;18&#8243; title_weight=&#8220;bolder&#8220; [&hellip;]\" \/>\n<meta property=\"og:url\" content=\"https:\/\/nossin.nl\/de\/disziplinen\/\" \/>\n<meta property=\"og:site_name\" content=\"Nossin\" \/>\n<meta property=\"article:modified_time\" content=\"2018-11-23T16:01:02+00:00\" \/>\n<meta name=\"twitter:card\" content=\"summary_large_image\" \/>\n<meta name=\"twitter:label1\" content=\"Gesch\u00e4tzte Lesezeit\" \/>\n\t<meta name=\"twitter:data1\" content=\"4\u00a0Minuten\" \/>\n<script type=\"application\/ld+json\" class=\"yoast-schema-graph\">{\"@context\":\"https:\/\/schema.org\",\"@graph\":[{\"@type\":\"WebPage\",\"@id\":\"https:\/\/nossin.nl\/de\/disziplinen\/\",\"url\":\"https:\/\/nossin.nl\/de\/disziplinen\/\",\"name\":\"Disziplinen - Nossin\",\"isPartOf\":{\"@id\":\"https:\/\/nossin.nl\/#website\"},\"datePublished\":\"2018-11-23T15:52:09+00:00\",\"dateModified\":\"2018-11-23T16:01:02+00:00\",\"breadcrumb\":{\"@id\":\"https:\/\/nossin.nl\/de\/disziplinen\/#breadcrumb\"},\"inLanguage\":\"de\",\"potentialAction\":[{\"@type\":\"ReadAction\",\"target\":[\"https:\/\/nossin.nl\/de\/disziplinen\/\"]}]},{\"@type\":\"BreadcrumbList\",\"@id\":\"https:\/\/nossin.nl\/de\/disziplinen\/#breadcrumb\",\"itemListElement\":[{\"@type\":\"ListItem\",\"position\":1,\"name\":\"Home\",\"item\":\"https:\/\/nossin.nl\/de\/\"},{\"@type\":\"ListItem\",\"position\":2,\"name\":\"Disziplinen\"}]},{\"@type\":\"WebSite\",\"@id\":\"https:\/\/nossin.nl\/#website\",\"url\":\"https:\/\/nossin.nl\/\",\"name\":\"Nossin\",\"description\":\"Vakmanschap, betrouwbaarheid, precisie en kwaliteit, dat is Nossin Fijnmechanische Industrie.\",\"potentialAction\":[{\"@type\":\"SearchAction\",\"target\":{\"@type\":\"EntryPoint\",\"urlTemplate\":\"https:\/\/nossin.nl\/?s={search_term_string}\"},\"query-input\":{\"@type\":\"PropertyValueSpecification\",\"valueRequired\":true,\"valueName\":\"search_term_string\"}}],\"inLanguage\":\"de\"}]}<\/script>\n<!-- \/ Yoast SEO plugin. -->","yoast_head_json":{"title":"Disziplinen - Nossin","robots":{"index":"index","follow":"follow","max-snippet":"max-snippet:-1","max-image-preview":"max-image-preview:large","max-video-preview":"max-video-preview:-1"},"canonical":"https:\/\/nossin.nl\/de\/disziplinen\/","og_locale":"de_DE","og_type":"article","og_title":"Disziplinen - Nossin","og_description":"[mk_page_section bg_position=&#8220;center center&#8220; bg_repeat=&#8220;no-repeat&#8220; bg_stretch=&#8220;true&#8220; enable_3d=&#8220;true&#8220; speed_factor=&#8220;0.5&#8243; video_color_mask=&#8220;#392672&#8243; video_opacity=&#8220;1&#8243; full_width=&#8220;true&#8220; js_vertical_centered=&#8220;true&#8220; padding_top=&#8220;0&#8243; padding_bottom=&#8220;0&#8243; bottom_shape_size=&#8220;small&#8220; sidebar=&#8220;sidebar-1&#8243; first_page=&#8220;false&#8220; last_page=&#8220;false&#8220;][vc_column][\/vc_column][\/mk_page_section][vc_row fullwidth=&#8220;true&#8220; fullwidth_content=&#8220;false&#8220; equal_columns=&#8220;true&#8220; el_class=&#8220;rijinslider&#8220;][vc_column css=&#8220;.vc_custom_1542986893058{padding-top: 40px !important;}&#8220;][mk_fancy_title color=&#8220;#0a0a0a&#8220; size=&#8220;28&#8243; font_weight=&#8220;900&#8243; txt_transform=&#8220;uppercase&#8220; margin_bottom=&#8220;0&#8243; font_family=&#8220;none&#8220; align=&#8220;center&#8220;]Disziplinen[\/mk_fancy_title][mk_divider style=&#8220;thin_solid&#8220; divider_width=&#8220;custom_width&#8220; custom_width=&#8220;25&#8243; thickness=&#8220;4&#8243; margin_top=&#8220;30&#8243; margin_bottom=&#8220;40&#8243;][vc_row_inner column_padding=&#8220;4&#8243; padding=&#8220;3&#8243; css=&#8220;.vc_custom_1531404656144{padding-top: 3px !important;padding-right: 3px !important;padding-bottom: 3px !important;padding-left: 3px !important;}&#8220;][vc_column_inner width=&#8220;1\/4&#8243;][mk_icon_box2 icon_type=&#8220;image&#8220; icon_size=&#8220;inherit&#8220; icon_image=&#8220;https:\/\/nossin.nl\/wp-content\/uploads\/2018\/11\/dscf2423-22.jpg&#8220; title=&#8220;FR\u00c4SEN&#8220; title_size=&#8220;18&#8243; title_weight=&#8220;bolder&#8220; [&hellip;]","og_url":"https:\/\/nossin.nl\/de\/disziplinen\/","og_site_name":"Nossin","article_modified_time":"2018-11-23T16:01:02+00:00","twitter_card":"summary_large_image","twitter_misc":{"Gesch\u00e4tzte Lesezeit":"4\u00a0Minuten"},"schema":{"@context":"https:\/\/schema.org","@graph":[{"@type":"WebPage","@id":"https:\/\/nossin.nl\/de\/disziplinen\/","url":"https:\/\/nossin.nl\/de\/disziplinen\/","name":"Disziplinen - Nossin","isPartOf":{"@id":"https:\/\/nossin.nl\/#website"},"datePublished":"2018-11-23T15:52:09+00:00","dateModified":"2018-11-23T16:01:02+00:00","breadcrumb":{"@id":"https:\/\/nossin.nl\/de\/disziplinen\/#breadcrumb"},"inLanguage":"de","potentialAction":[{"@type":"ReadAction","target":["https:\/\/nossin.nl\/de\/disziplinen\/"]}]},{"@type":"BreadcrumbList","@id":"https:\/\/nossin.nl\/de\/disziplinen\/#breadcrumb","itemListElement":[{"@type":"ListItem","position":1,"name":"Home","item":"https:\/\/nossin.nl\/de\/"},{"@type":"ListItem","position":2,"name":"Disziplinen"}]},{"@type":"WebSite","@id":"https:\/\/nossin.nl\/#website","url":"https:\/\/nossin.nl\/","name":"Nossin","description":"Vakmanschap, betrouwbaarheid, precisie en kwaliteit, dat is Nossin Fijnmechanische Industrie.","potentialAction":[{"@type":"SearchAction","target":{"@type":"EntryPoint","urlTemplate":"https:\/\/nossin.nl\/?s={search_term_string}"},"query-input":{"@type":"PropertyValueSpecification","valueRequired":true,"valueName":"search_term_string"}}],"inLanguage":"de"}]}},"_links":{"self":[{"href":"https:\/\/nossin.nl\/de\/wp-json\/wp\/v2\/pages\/7223","targetHints":{"allow":["GET"]}}],"collection":[{"href":"https:\/\/nossin.nl\/de\/wp-json\/wp\/v2\/pages"}],"about":[{"href":"https:\/\/nossin.nl\/de\/wp-json\/wp\/v2\/types\/page"}],"author":[{"embeddable":true,"href":"https:\/\/nossin.nl\/de\/wp-json\/wp\/v2\/users\/1"}],"replies":[{"embeddable":true,"href":"https:\/\/nossin.nl\/de\/wp-json\/wp\/v2\/comments?post=7223"}],"version-history":[{"count":6,"href":"https:\/\/nossin.nl\/de\/wp-json\/wp\/v2\/pages\/7223\/revisions"}],"predecessor-version":[{"id":7256,"href":"https:\/\/nossin.nl\/de\/wp-json\/wp\/v2\/pages\/7223\/revisions\/7256"}],"wp:attachment":[{"href":"https:\/\/nossin.nl\/de\/wp-json\/wp\/v2\/media?parent=7223"}],"curies":[{"name":"wp","href":"https:\/\/api.w.org\/{rel}","templated":true}]}}